{"id":1397,"date":"2024-08-21T12:25:49","date_gmt":"2024-08-21T12:25:49","guid":{"rendered":"https:\/\/vinotaruguin.com\/?post_type=product&#038;p=1397"},"modified":"2025-04-15T10:44:44","modified_gmt":"2025-04-15T10:44:44","slug":"taruguin-2020-ribera-del-duero","status":"publish","type":"product","link":"https:\/\/vinotaruguin.com\/en\/product\/taruguin-2020-ribera-del-duero\/","title":{"rendered":"Tarugu\u00edn 2020"},"content":{"rendered":"<h4>Production.<\/h4>\n<p>The harvest took place at the end of September. We placed the grapes in stainless steel tanks of 1,500 and 2,500 liters, without adding any sulfur. The fermentations occurred spontaneously, without the addition of selected yeasts, with an average maceration period of 12 days. We performed pump-overs and punch-downs at the beginning of the process, with minimal intervention on the cap during the rest of the fermentation.<\/p>\n<p>&nbsp;<\/p>\n<h4>Maturation.<\/h4>\n<p>The wine was racked to remove the largest sediments, while selecting the finer lees to accompany the wine during its aging in used 225-liter French oak barrels. The wine completed a total aging period of 13 months, with rackings twice a year.<\/p>\n<p>&nbsp;<\/p>\n<h4>Bottling.<\/h4>\n<p>Bottling took place in June 2022, with a total production of 6,160 bottles of 0.75 liters.<\/p>\n<p>&nbsp;<\/p>\n<h4>Analysis<\/h4>\n<p>\u2013 Uvas: 95% Tinto Fino &amp; 5% Albillo.<br \/>\n\u2013 Alcohol: 14,22%<br \/>\n\u2013 Acidez Vol\u00e1til: 0,74 g\/l<br \/>\nGrapes: 95% Tempranillo &amp; 5% Albillo<br \/>\n\u2013 pH: 3,85<br \/>\n\u2013 Sulfuroso Total: 45 mg\/l<br \/>\n\u2013 Az\u00facar residual: 1,4 g\/l<br \/>\n\u2013 \u00c1cido M\u00e1lico: 0,10 g\/l<\/p>\n<p>&nbsp;<\/p>\n<h4>Ingredients.<\/h4>\n<p>Grapes, antioxidant (Sulfur dioxide and <em><strong>SULFITES<\/strong><\/em>).<\/p>","protected":false},"excerpt":{"rendered":"<p>Tarugu\u00edn brings together grapes from all our vineyards, on both banks of the Duero River.\nWe work with all the traditional varieties found in our historic vineyards, with a predominance of Tinto Fino.\n\nAfter a slow aging process in both barrel and bottle, this wine reveals its true character over the years \u2014 showcasing exceptional minerality and a perfect balance of tannins, acidity, and tertiary aromas.<\/p>","protected":false},"featured_media":2184,"template":"","meta":[],"product_brand":[],"product_cat":[22,24,23],"product_tag":[25,28,26,27],"class_list":{"0":"post-1397","1":"product","2":"type-product","3":"status-publish","4":"has-post-thumbnail","6":"product_cat-ribera-del-duero","7":"product_cat-tempranillo","8":"product_cat-vino-tinto","9":"product_tag-ribera-del-duero","10":"product_tag-taruguin","11":"product_tag-tempranillo","12":"product_tag-vino-tinto","14":"first","15":"instock","16":"taxable","17":"shipping-taxable","18":"purchasable","19":"product-type-variable"},"yoast_head":"<!-- This site is optimized with the Yoast SEO plugin v27.1.1 - https:\/\/yoast.com\/product\/yoast-seo-wordpress\/ -->\n<title>Tarugu\u00edn 2020 - Tarugu\u00edn<\/title>\n<meta name=\"robots\" content=\"index, follow, max-snippet:-1, max-image-preview:large, max-video-preview:-1\" \/>\n<link rel=\"canonical\" href=\"https:\/\/vinotaruguin.com\/en\/product\/taruguin-2020-ribera-del-duero\/\" \/>\n<meta property=\"og:locale\" content=\"en_GB\" \/>\n<meta property=\"og:type\" content=\"article\" \/>\n<meta property=\"og:title\" content=\"Tarugu\u00edn 2020 - Tarugu\u00edn\" \/>\n<meta property=\"og:description\" content=\"Tarugu\u00edn contiene uvas de todos nuestros vi\u00f1edos, a ambos m\u00e1rgenes del r\u00edo Duero. Empleamos todas las variedades presentes en el vi\u00f1edo tradicional, con predominancia del Tinto Fino. El vino, una vez sometido a una lenta crianza en barrica y en botella, presenta franqueza despu\u00e9s de varios a\u00f1os, mostrando una mineralidad excepcional y una integraci\u00f3n perfecta de sus taninos, acidez y aromas terciarios.\" \/>\n<meta property=\"og:url\" content=\"https:\/\/vinotaruguin.com\/en\/product\/taruguin-2020-ribera-del-duero\/\" \/>\n<meta property=\"og:site_name\" content=\"Tarugu\u00edn\" \/>\n<meta property=\"article:modified_time\" content=\"2025-04-15T10:44:44+00:00\" \/>\n<meta property=\"og:image\" content=\"https:\/\/vinotaruguin.com\/wp-content\/uploads\/2025\/02\/vinos-taruguin.png\" \/>\n\t<meta property=\"og:image:width\" content=\"1500\" \/>\n\t<meta property=\"og:image:height\" content=\"2299\" \/>\n\t<meta property=\"og:image:type\" content=\"image\/png\" \/>\n<meta name=\"twitter:card\" content=\"summary_large_image\" \/>\n<meta name=\"twitter:label1\" content=\"Estimated reading time\" \/>\n\t<meta name=\"twitter:data1\" content=\"1 minute\" \/>\n<script type=\"application\/ld+json\" class=\"yoast-schema-graph\">{\"@context\":\"https:\/\/schema.org\",\"@graph\":[{\"@type\":\"WebPage\",\"@id\":\"https:\/\/vinotaruguin.com\/producto\/taruguin-2020-ribera-del-duero\/\",\"url\":\"https:\/\/vinotaruguin.com\/producto\/taruguin-2020-ribera-del-duero\/\",\"name\":\"Tarugu\u00edn 2020 - Tarugu\u00edn\",\"isPartOf\":{\"@id\":\"https:\/\/vinotaruguin.com\/#website\"},\"primaryImageOfPage\":{\"@id\":\"https:\/\/vinotaruguin.com\/producto\/taruguin-2020-ribera-del-duero\/#primaryimage\"},\"image\":{\"@id\":\"https:\/\/vinotaruguin.com\/producto\/taruguin-2020-ribera-del-duero\/#primaryimage\"},\"thumbnailUrl\":\"https:\/\/vinotaruguin.com\/wp-content\/uploads\/2025\/02\/vinos-taruguin.png\",\"datePublished\":\"2024-08-21T12:25:49+00:00\",\"dateModified\":\"2025-04-15T10:44:44+00:00\",\"breadcrumb\":{\"@id\":\"https:\/\/vinotaruguin.com\/producto\/taruguin-2020-ribera-del-duero\/#breadcrumb\"},\"inLanguage\":\"en-GB\",\"potentialAction\":[{\"@type\":\"ReadAction\",\"target\":[\"https:\/\/vinotaruguin.com\/producto\/taruguin-2020-ribera-del-duero\/\"]}]},{\"@type\":\"ImageObject\",\"inLanguage\":\"en-GB\",\"@id\":\"https:\/\/vinotaruguin.com\/producto\/taruguin-2020-ribera-del-duero\/#primaryimage\",\"url\":\"https:\/\/vinotaruguin.com\/wp-content\/uploads\/2025\/02\/vinos-taruguin.png\",\"contentUrl\":\"https:\/\/vinotaruguin.com\/wp-content\/uploads\/2025\/02\/vinos-taruguin.png\",\"width\":1500,\"height\":2299},{\"@type\":\"BreadcrumbList\",\"@id\":\"https:\/\/vinotaruguin.com\/producto\/taruguin-2020-ribera-del-duero\/#breadcrumb\",\"itemListElement\":[{\"@type\":\"ListItem\",\"position\":1,\"name\":\"Portada\",\"item\":\"https:\/\/vinotaruguin.com\/\"},{\"@type\":\"ListItem\",\"position\":2,\"name\":\"Cat\u00e1logo\",\"item\":\"https:\/\/vinotaruguin.com\/catalogo\/\"},{\"@type\":\"ListItem\",\"position\":3,\"name\":\"Tarugu\u00edn 2020\"}]},{\"@type\":\"WebSite\",\"@id\":\"https:\/\/vinotaruguin.com\/#website\",\"url\":\"https:\/\/vinotaruguin.com\/\",\"name\":\"Tarugu\u00edn\",\"description\":\"Vino de San Esteban de Gormaz\",\"publisher\":{\"@id\":\"https:\/\/vinotaruguin.com\/#organization\"},\"potentialAction\":[{\"@type\":\"SearchAction\",\"target\":{\"@type\":\"EntryPoint\",\"urlTemplate\":\"https:\/\/vinotaruguin.com\/?s={search_term_string}\"},\"query-input\":{\"@type\":\"PropertyValueSpecification\",\"valueRequired\":true,\"valueName\":\"search_term_string\"}}],\"inLanguage\":\"en-GB\"},{\"@type\":\"Organization\",\"@id\":\"https:\/\/vinotaruguin.com\/#organization\",\"name\":\"Tarugu\u00edn\",\"url\":\"https:\/\/vinotaruguin.com\/\",\"logo\":{\"@type\":\"ImageObject\",\"inLanguage\":\"en-GB\",\"@id\":\"https:\/\/vinotaruguin.com\/#\/schema\/logo\/image\/\",\"url\":\"https:\/\/vinotaruguin.com\/wp-content\/uploads\/2024\/06\/logo-color-opt.png\",\"contentUrl\":\"https:\/\/vinotaruguin.com\/wp-content\/uploads\/2024\/06\/logo-color-opt.png\",\"width\":1373,\"height\":198,\"caption\":\"Tarugu\u00edn\"},\"image\":{\"@id\":\"https:\/\/vinotaruguin.com\/#\/schema\/logo\/image\/\"}}]}<\/script>\n<!-- \/ Yoast SEO plugin. -->","yoast_head_json":{"title":"Tarugu\u00edn 2020 - Tarugu\u00edn","robots":{"index":"index","follow":"follow","max-snippet":"max-snippet:-1","max-image-preview":"max-image-preview:large","max-video-preview":"max-video-preview:-1"},"canonical":"https:\/\/vinotaruguin.com\/en\/product\/taruguin-2020-ribera-del-duero\/","og_locale":"en_GB","og_type":"article","og_title":"Tarugu\u00edn 2020 - Tarugu\u00edn","og_description":"Tarugu\u00edn contiene uvas de todos nuestros vi\u00f1edos, a ambos m\u00e1rgenes del r\u00edo Duero. Empleamos todas las variedades presentes en el vi\u00f1edo tradicional, con predominancia del Tinto Fino. El vino, una vez sometido a una lenta crianza en barrica y en botella, presenta franqueza despu\u00e9s de varios a\u00f1os, mostrando una mineralidad excepcional y una integraci\u00f3n perfecta de sus taninos, acidez y aromas terciarios.","og_url":"https:\/\/vinotaruguin.com\/en\/product\/taruguin-2020-ribera-del-duero\/","og_site_name":"Tarugu\u00edn","article_modified_time":"2025-04-15T10:44:44+00:00","og_image":[{"width":1500,"height":2299,"url":"https:\/\/vinotaruguin.com\/wp-content\/uploads\/2025\/02\/vinos-taruguin.png","type":"image\/png"}],"twitter_card":"summary_large_image","twitter_misc":{"Estimated reading time":"1 minute"},"schema":{"@context":"https:\/\/schema.org","@graph":[{"@type":"WebPage","@id":"https:\/\/vinotaruguin.com\/producto\/taruguin-2020-ribera-del-duero\/","url":"https:\/\/vinotaruguin.com\/producto\/taruguin-2020-ribera-del-duero\/","name":"Tarugu\u00edn 2020 - Tarugu\u00edn","isPartOf":{"@id":"https:\/\/vinotaruguin.com\/#website"},"primaryImageOfPage":{"@id":"https:\/\/vinotaruguin.com\/producto\/taruguin-2020-ribera-del-duero\/#primaryimage"},"image":{"@id":"https:\/\/vinotaruguin.com\/producto\/taruguin-2020-ribera-del-duero\/#primaryimage"},"thumbnailUrl":"https:\/\/vinotaruguin.com\/wp-content\/uploads\/2025\/02\/vinos-taruguin.png","datePublished":"2024-08-21T12:25:49+00:00","dateModified":"2025-04-15T10:44:44+00:00","breadcrumb":{"@id":"https:\/\/vinotaruguin.com\/producto\/taruguin-2020-ribera-del-duero\/#breadcrumb"},"inLanguage":"en-GB","potentialAction":[{"@type":"ReadAction","target":["https:\/\/vinotaruguin.com\/producto\/taruguin-2020-ribera-del-duero\/"]}]},{"@type":"ImageObject","inLanguage":"en-GB","@id":"https:\/\/vinotaruguin.com\/producto\/taruguin-2020-ribera-del-duero\/#primaryimage","url":"https:\/\/vinotaruguin.com\/wp-content\/uploads\/2025\/02\/vinos-taruguin.png","contentUrl":"https:\/\/vinotaruguin.com\/wp-content\/uploads\/2025\/02\/vinos-taruguin.png","width":1500,"height":2299},{"@type":"BreadcrumbList","@id":"https:\/\/vinotaruguin.com\/producto\/taruguin-2020-ribera-del-duero\/#breadcrumb","itemListElement":[{"@type":"ListItem","position":1,"name":"Portada","item":"https:\/\/vinotaruguin.com\/"},{"@type":"ListItem","position":2,"name":"Cat\u00e1logo","item":"https:\/\/vinotaruguin.com\/catalogo\/"},{"@type":"ListItem","position":3,"name":"Tarugu\u00edn 2020"}]},{"@type":"WebSite","@id":"https:\/\/vinotaruguin.com\/#website","url":"https:\/\/vinotaruguin.com\/","name":"Tarugu\u00edn","description":"Vino de San Esteban de Gormaz","publisher":{"@id":"https:\/\/vinotaruguin.com\/#organization"},"potentialAction":[{"@type":"SearchAction","target":{"@type":"EntryPoint","urlTemplate":"https:\/\/vinotaruguin.com\/?s={search_term_string}"},"query-input":{"@type":"PropertyValueSpecification","valueRequired":true,"valueName":"search_term_string"}}],"inLanguage":"en-GB"},{"@type":"Organization","@id":"https:\/\/vinotaruguin.com\/#organization","name":"Tarugu\u00edn","url":"https:\/\/vinotaruguin.com\/","logo":{"@type":"ImageObject","inLanguage":"en-GB","@id":"https:\/\/vinotaruguin.com\/#\/schema\/logo\/image\/","url":"https:\/\/vinotaruguin.com\/wp-content\/uploads\/2024\/06\/logo-color-opt.png","contentUrl":"https:\/\/vinotaruguin.com\/wp-content\/uploads\/2024\/06\/logo-color-opt.png","width":1373,"height":198,"caption":"Tarugu\u00edn"},"image":{"@id":"https:\/\/vinotaruguin.com\/#\/schema\/logo\/image\/"}}]}},"_links":{"self":[{"href":"https:\/\/vinotaruguin.com\/en\/wp-json\/wp\/v2\/product\/1397","targetHints":{"allow":["GET"]}}],"collection":[{"href":"https:\/\/vinotaruguin.com\/en\/wp-json\/wp\/v2\/product"}],"about":[{"href":"https:\/\/vinotaruguin.com\/en\/wp-json\/wp\/v2\/types\/product"}],"wp:featuredmedia":[{"embeddable":true,"href":"https:\/\/vinotaruguin.com\/en\/wp-json\/wp\/v2\/media\/2184"}],"wp:attachment":[{"href":"https:\/\/vinotaruguin.com\/en\/wp-json\/wp\/v2\/media?parent=1397"}],"wp:term":[{"taxonomy":"product_brand","embeddable":true,"href":"https:\/\/vinotaruguin.com\/en\/wp-json\/wp\/v2\/product_brand?post=1397"},{"taxonomy":"product_cat","embeddable":true,"href":"https:\/\/vinotaruguin.com\/en\/wp-json\/wp\/v2\/product_cat?post=1397"},{"taxonomy":"product_tag","embeddable":true,"href":"https:\/\/vinotaruguin.com\/en\/wp-json\/wp\/v2\/product_tag?post=1397"}],"curies":[{"name":"wp","href":"https:\/\/api.w.org\/{rel}","templated":true}]}}