{"id":815,"date":"2024-08-20T10:59:21","date_gmt":"2024-08-20T10:59:21","guid":{"rendered":"https:\/\/vinotaruguin.com\/?page_id=815"},"modified":"2025-03-25T11:34:45","modified_gmt":"2025-03-25T11:34:45","slug":"vinedos","status":"publish","type":"page","link":"https:\/\/vinotaruguin.com\/en\/vinedos\/","title":{"rendered":"Vineyard"},"content":{"rendered":"<div data-elementor-type=\"wp-page\" data-elementor-id=\"815\" class=\"elementor elementor-815\">\n\t\t\t\t\t\t<section class=\"elementor-section elementor-top-section elementor-element elementor-element-4b4ae9c elementor-section-content-bottom elementor-section-boxed elementor-section-height-default elementor-section-height-default\" data-id=\"4b4ae9c\" data-element_type=\"section\" data-e-type=\"section\" data-settings=\"{&quot;background_background&quot;:&quot;classic&quot;}\">\n\t\t\t\t\t\t\t<div class=\"elementor-background-overlay\"><\/div>\n\t\t\t\t\t\t\t<div class=\"elementor-container elementor-column-gap-default\">\n\t\t\t\t\t<div class=\"elementor-column elementor-col-100 elementor-top-column elementor-element elementor-element-e8807ff\" data-id=\"e8807ff\" data-element_type=\"column\" data-e-type=\"column\">\n\t\t\t<div class=\"elementor-widget-wrap elementor-element-populated\">\n\t\t\t\t\t\t<div class=\"elementor-element elementor-element-bd04e66 elementor-widget elementor-widget-heading\" data-id=\"bd04e66\" data-element_type=\"widget\" data-e-type=\"widget\" data-widget_type=\"heading.default\">\n\t\t\t\t<div class=\"elementor-widget-container\">\n\t\t\t\t\t<h2 class=\"elementor-heading-title elementor-size-default\">Vineyard<\/h2>\t\t\t\t<\/div>\n\t\t\t\t<\/div>\n\t\t\t\t<div class=\"elementor-element elementor-element-d8b453b elementor-widget elementor-widget-text-editor\" data-id=\"d8b453b\" data-element_type=\"widget\" data-e-type=\"widget\" data-widget_type=\"text-editor.default\">\n\t\t\t\t<div class=\"elementor-widget-container\">\n\t\t\t\t\t\t\t\t\t<p class=\"translation-block\"><span style=\"color: #ffffff\"><a style=\"color: #ffffff\" href=\"https:\/\/vinotaruguin.com\/en\/\" target=\"_self\" role=\"link\">Home<\/a><\/span> \/ Vineyards<\/p>\t\t\t\t\t\t\t\t<\/div>\n\t\t\t\t<\/div>\n\t\t\t\t\t<\/div>\n\t\t<\/div>\n\t\t\t\t\t<\/div>\n\t\t<\/section>\n\t\t<div class=\"elementor-element elementor-element-21fdb41 e-con-full e-flex e-con e-parent\" data-id=\"21fdb41\" data-element_type=\"container\" data-e-type=\"container\">\n\t\t<div class=\"elementor-element elementor-element-f299ac5 e-con-full e-flex e-con e-child\" data-id=\"f299ac5\" data-element_type=\"container\" data-e-type=\"container\">\n\t\t\t\t<div class=\"elementor-element elementor-element-cafda1a elementor-widget elementor-widget-text-editor\" data-id=\"cafda1a\" data-element_type=\"widget\" data-e-type=\"widget\" data-widget_type=\"text-editor.default\">\n\t\t\t\t<div class=\"elementor-widget-container\">\n\t\t\t\t\t\t\t\t\t<h4 style=\"text-align: center;\"><span style=\"color: #000000;\"><strong>Villages<\/strong><\/span><\/h4><p>Our vineyards are located on both sides of the Duero River in the towns of Quintanilla de Tres Barrios, Alcubilla del Marqu\u00e9s, Soto de San Esteban, and San Esteban de Gormaz. Different altitudes and orientations shape the unique character of their grapes.<\/p>\t\t\t\t\t\t\t\t<\/div>\n\t\t\t\t<\/div>\n\t\t\t\t<\/div>\n\t\t<div class=\"elementor-element elementor-element-a545264 e-con-full e-flex e-con e-child\" data-id=\"a545264\" data-element_type=\"container\" data-e-type=\"container\">\n\t\t\t\t<div class=\"elementor-element elementor-element-3ec2495 elementor-widget elementor-widget-text-editor\" data-id=\"3ec2495\" data-element_type=\"widget\" data-e-type=\"widget\" data-widget_type=\"text-editor.default\">\n\t\t\t\t<div class=\"elementor-widget-container\">\n\t\t\t\t\t\t\t\t\t<h4 style=\"text-align: center;\"><span style=\"color: #000000;\"><strong>TERRAIN<\/strong><\/span><\/h4><p class=\"translation-block\">San Esteban features a great diversity of soils, the result of its unique topography and geological origin, offering a mosaic of ideal conditions for high-quality viticulture:<\/p><p style=\"padding-left: 20px;\"><img decoding=\"async\" class=\"wp-image-1703 alignleft\" src=\"https:\/\/vinotaruguin.com\/wp-content\/uploads\/2024\/08\/suelo-300x300.png\" alt=\"\" width=\"18\" height=\"18\" srcset=\"https:\/\/vinotaruguin.com\/wp-content\/uploads\/2024\/08\/suelo-300x300.png 300w, https:\/\/vinotaruguin.com\/wp-content\/uploads\/2024\/08\/suelo-100x100.png 100w, https:\/\/vinotaruguin.com\/wp-content\/uploads\/2024\/08\/suelo-150x150.png 150w, https:\/\/vinotaruguin.com\/wp-content\/uploads\/2024\/08\/suelo.png 512w\" sizes=\"(max-width: 18px) 100vw, 18px\" \/><strong>Limestone Soils<\/strong>: Dominate many plots, contributing freshness, minerality, and structure to the wines.<\/p><p style=\"padding-left: 20px;\"><img decoding=\"async\" class=\"wp-image-1703 alignleft\" src=\"https:\/\/vinotaruguin.com\/wp-content\/uploads\/2024\/08\/suelo-300x300.png\" alt=\"\" width=\"18\" height=\"18\" srcset=\"https:\/\/vinotaruguin.com\/wp-content\/uploads\/2024\/08\/suelo-300x300.png 300w, https:\/\/vinotaruguin.com\/wp-content\/uploads\/2024\/08\/suelo-100x100.png 100w, https:\/\/vinotaruguin.com\/wp-content\/uploads\/2024\/08\/suelo-150x150.png 150w, https:\/\/vinotaruguin.com\/wp-content\/uploads\/2024\/08\/suelo.png 512w\" sizes=\"(max-width: 18px) 100vw, 18px\" \/><strong>Sandy and Loamy-Sandy Soils<\/strong>: Provide excellent drainage and help enhance the aromatic intensity of the grapes.<\/p><p style=\"padding-left: 20px;\"><img decoding=\"async\" class=\"wp-image-1703 alignleft\" src=\"https:\/\/vinotaruguin.com\/wp-content\/uploads\/2024\/08\/suelo-300x300.png\" alt=\"\" width=\"18\" height=\"18\" srcset=\"https:\/\/vinotaruguin.com\/wp-content\/uploads\/2024\/08\/suelo-300x300.png 300w, https:\/\/vinotaruguin.com\/wp-content\/uploads\/2024\/08\/suelo-100x100.png 100w, https:\/\/vinotaruguin.com\/wp-content\/uploads\/2024\/08\/suelo-150x150.png 150w, https:\/\/vinotaruguin.com\/wp-content\/uploads\/2024\/08\/suelo.png 512w\" sizes=\"(max-width: 18px) 100vw, 18px\" \/><strong>Soils Poor in Organic Matter<\/strong>: Limit vine vigor, which contributes to greater concentration in the berries.<\/p>\t\t\t\t\t\t\t\t<\/div>\n\t\t\t\t<\/div>\n\t\t\t\t<\/div>\n\t\t<div class=\"elementor-element elementor-element-7b25386 e-con-full e-flex e-con e-child\" data-id=\"7b25386\" data-element_type=\"container\" data-e-type=\"container\" data-settings=\"{&quot;background_background&quot;:&quot;classic&quot;}\">\n\t\t\t\t<div class=\"elementor-element elementor-element-888f9ac elementor-widget elementor-widget-text-editor\" data-id=\"888f9ac\" data-element_type=\"widget\" data-e-type=\"widget\" data-widget_type=\"text-editor.default\">\n\t\t\t\t<div class=\"elementor-widget-container\">\n\t\t\t\t\t\t\t\t\t<h4 style=\"text-align: center;\"><span style=\"color: #ffffff;\"><strong>ALTITUDE<\/strong><\/span><\/h4><p><span style=\"color: #ffffff;\">Our vineyards are located at altitudes between 900 and 950 meters above sea level, featuring rugged terrain and natural terraces. This creates an ideal microclimate that, combined with the soil composition, ensures a slow and balanced ripening of the grapes. The downside is that we frequently experience weather events\u2014sometimes catastrophic\u2014such as spring frosts or storm episodes with hail.<\/span><\/p>\t\t\t\t\t\t\t\t<\/div>\n\t\t\t\t<\/div>\n\t\t\t\t<\/div>\n\t\t\t\t<\/div>\n\t\t\t\t<\/div>","protected":false},"excerpt":{"rendered":"<p>Vi\u00f1edos Inicio \/ Vi\u00f1edos PUEBLOS Localizamos nuestros vi\u00f1edos a ambos lados del r\u00edo Duero en las localidades de Quintanilla de Tres Barrios, Alcubilla del Marqu\u00e9s, Soto de San Esteban y San Esteban de Gormaz. Diferentes altitudes y orientaciones marcan la personalidad de sus uvas. SUELOS San Esteban presenta una gran heterogeneidad de suelos que es consecuencia de su particular topograf\u00eda y su origen geol\u00f3gico, ofreciendo un mosaico de condiciones ideales para la viticultura de alta calidad: Suelos calc\u00e1reos: Dominan en muchas parcelas, aportando frescura, mineralidad y estructura a los vinos. Suelos arenosos y franco-arenosos: Permiten un buen drenaje, adem\u00e1s de favorecer la intensidad arom\u00e1tica en las uvas. Suelos pobres en materia org\u00e1nica: Limitan el vigor de las vides, lo que contribuye a una mayor concentraci\u00f3n en las bayas ALTITUD Nuestros vi\u00f1edos se encuentran a altitudes de entre 900 y 950 metros sobre el nivel del mar, con un terreno accidentado y terrazas naturales. Esto crea un microclima ideal que, combinado con la composici\u00f3n del suelo, asegura una maduraci\u00f3n lenta y equilibrada de las uvas. La contrapartida es que tenemos con bastante frecuencia accidentes climatol\u00f3gicos a veces catastr\u00f3ficos como heladas primaverales o episodios tormentosos con presencia de granizo.<\/p>","protected":false},"author":1,"featured_media":0,"parent":0,"menu_order":0,"comment_status":"closed","ping_status":"closed","template":"elementor_header_footer","meta":{"footnotes":""},"class_list":["post-815","page","type-page","status-publish","hentry"],"yoast_head":"<!-- This site is optimized with the Yoast SEO plugin v27.1.1 - https:\/\/yoast.com\/product\/yoast-seo-wordpress\/ -->\n<title>Vi\u00f1edos - Tarugu\u00edn<\/title>\n<meta name=\"robots\" content=\"index, follow, max-snippet:-1, max-image-preview:large, max-video-preview:-1\" \/>\n<link rel=\"canonical\" href=\"https:\/\/vinotaruguin.com\/en\/vinedos\/\" \/>\n<meta property=\"og:locale\" content=\"en_GB\" \/>\n<meta property=\"og:type\" content=\"article\" \/>\n<meta property=\"og:title\" content=\"Vi\u00f1edos - Tarugu\u00edn\" \/>\n<meta property=\"og:description\" content=\"Vi\u00f1edos Inicio \/ Vi\u00f1edos PUEBLOS Localizamos nuestros vi\u00f1edos a ambos lados del r\u00edo Duero en las localidades de Quintanilla de Tres Barrios, Alcubilla del Marqu\u00e9s, Soto de San Esteban y San Esteban de Gormaz. Diferentes altitudes y orientaciones marcan la personalidad de sus uvas. SUELOS San Esteban presenta una gran heterogeneidad de suelos que es consecuencia de su particular topograf\u00eda y su origen geol\u00f3gico, ofreciendo un mosaico de condiciones ideales para la viticultura de alta calidad: Suelos calc\u00e1reos: Dominan en muchas parcelas, aportando frescura, mineralidad y estructura a los vinos. Suelos arenosos y franco-arenosos: Permiten un buen drenaje, adem\u00e1s de favorecer la intensidad arom\u00e1tica en las uvas. Suelos pobres en materia org\u00e1nica: Limitan el vigor de las vides, lo que contribuye a una mayor concentraci\u00f3n en las bayas ALTITUD Nuestros vi\u00f1edos se encuentran a altitudes de entre 900 y 950 metros sobre el nivel del mar, con un terreno accidentado y terrazas naturales. Esto crea un microclima ideal que, combinado con la composici\u00f3n del suelo, asegura una maduraci\u00f3n lenta y equilibrada de las uvas. La contrapartida es que tenemos con bastante frecuencia accidentes climatol\u00f3gicos a veces catastr\u00f3ficos como heladas primaverales o episodios tormentosos con presencia de granizo.\" \/>\n<meta property=\"og:url\" content=\"https:\/\/vinotaruguin.com\/en\/vinedos\/\" \/>\n<meta property=\"og:site_name\" content=\"Tarugu\u00edn\" \/>\n<meta property=\"article:modified_time\" content=\"2025-03-25T11:34:45+00:00\" \/>\n<meta property=\"og:image\" content=\"https:\/\/vinotaruguin.com\/wp-content\/uploads\/2024\/08\/suelo-300x300.png\" \/>\n<meta name=\"twitter:card\" content=\"summary_large_image\" \/>\n<meta name=\"twitter:label1\" content=\"Estimated reading time\" \/>\n\t<meta name=\"twitter:data1\" content=\"2 minutes\" \/>\n<script type=\"application\/ld+json\" class=\"yoast-schema-graph\">{\"@context\":\"https:\/\/schema.org\",\"@graph\":[{\"@type\":\"WebPage\",\"@id\":\"https:\/\/vinotaruguin.com\/vinedos\/\",\"url\":\"https:\/\/vinotaruguin.com\/vinedos\/\",\"name\":\"Vi\u00f1edos - Tarugu\u00edn\",\"isPartOf\":{\"@id\":\"https:\/\/vinotaruguin.com\/#website\"},\"primaryImageOfPage\":{\"@id\":\"https:\/\/vinotaruguin.com\/vinedos\/#primaryimage\"},\"image\":{\"@id\":\"https:\/\/vinotaruguin.com\/vinedos\/#primaryimage\"},\"thumbnailUrl\":\"https:\/\/vinotaruguin.com\/wp-content\/uploads\/2024\/08\/suelo-300x300.png\",\"datePublished\":\"2024-08-20T10:59:21+00:00\",\"dateModified\":\"2025-03-25T11:34:45+00:00\",\"breadcrumb\":{\"@id\":\"https:\/\/vinotaruguin.com\/vinedos\/#breadcrumb\"},\"inLanguage\":\"en-GB\",\"potentialAction\":[{\"@type\":\"ReadAction\",\"target\":[\"https:\/\/vinotaruguin.com\/vinedos\/\"]}]},{\"@type\":\"ImageObject\",\"inLanguage\":\"en-GB\",\"@id\":\"https:\/\/vinotaruguin.com\/vinedos\/#primaryimage\",\"url\":\"https:\/\/vinotaruguin.com\/wp-content\/uploads\/2024\/08\/suelo-300x300.png\",\"contentUrl\":\"https:\/\/vinotaruguin.com\/wp-content\/uploads\/2024\/08\/suelo-300x300.png\"},{\"@type\":\"BreadcrumbList\",\"@id\":\"https:\/\/vinotaruguin.com\/vinedos\/#breadcrumb\",\"itemListElement\":[{\"@type\":\"ListItem\",\"position\":1,\"name\":\"Portada\",\"item\":\"https:\/\/vinotaruguin.com\/\"},{\"@type\":\"ListItem\",\"position\":2,\"name\":\"Vi\u00f1edos\"}]},{\"@type\":\"WebSite\",\"@id\":\"https:\/\/vinotaruguin.com\/#website\",\"url\":\"https:\/\/vinotaruguin.com\/\",\"name\":\"Tarugu\u00edn\",\"description\":\"Vino de San Esteban de Gormaz\",\"publisher\":{\"@id\":\"https:\/\/vinotaruguin.com\/#organization\"},\"potentialAction\":[{\"@type\":\"SearchAction\",\"target\":{\"@type\":\"EntryPoint\",\"urlTemplate\":\"https:\/\/vinotaruguin.com\/?s={search_term_string}\"},\"query-input\":{\"@type\":\"PropertyValueSpecification\",\"valueRequired\":true,\"valueName\":\"search_term_string\"}}],\"inLanguage\":\"en-GB\"},{\"@type\":\"Organization\",\"@id\":\"https:\/\/vinotaruguin.com\/#organization\",\"name\":\"Tarugu\u00edn\",\"url\":\"https:\/\/vinotaruguin.com\/\",\"logo\":{\"@type\":\"ImageObject\",\"inLanguage\":\"en-GB\",\"@id\":\"https:\/\/vinotaruguin.com\/#\/schema\/logo\/image\/\",\"url\":\"https:\/\/vinotaruguin.com\/wp-content\/uploads\/2024\/06\/logo-color-opt.png\",\"contentUrl\":\"https:\/\/vinotaruguin.com\/wp-content\/uploads\/2024\/06\/logo-color-opt.png\",\"width\":1373,\"height\":198,\"caption\":\"Tarugu\u00edn\"},\"image\":{\"@id\":\"https:\/\/vinotaruguin.com\/#\/schema\/logo\/image\/\"}}]}<\/script>\n<!-- \/ Yoast SEO plugin. -->","yoast_head_json":{"title":"Vi\u00f1edos - Tarugu\u00edn","robots":{"index":"index","follow":"follow","max-snippet":"max-snippet:-1","max-image-preview":"max-image-preview:large","max-video-preview":"max-video-preview:-1"},"canonical":"https:\/\/vinotaruguin.com\/en\/vinedos\/","og_locale":"en_GB","og_type":"article","og_title":"Vi\u00f1edos - Tarugu\u00edn","og_description":"Vi\u00f1edos Inicio \/ Vi\u00f1edos PUEBLOS Localizamos nuestros vi\u00f1edos a ambos lados del r\u00edo Duero en las localidades de Quintanilla de Tres Barrios, Alcubilla del Marqu\u00e9s, Soto de San Esteban y San Esteban de Gormaz. Diferentes altitudes y orientaciones marcan la personalidad de sus uvas. SUELOS San Esteban presenta una gran heterogeneidad de suelos que es consecuencia de su particular topograf\u00eda y su origen geol\u00f3gico, ofreciendo un mosaico de condiciones ideales para la viticultura de alta calidad: Suelos calc\u00e1reos: Dominan en muchas parcelas, aportando frescura, mineralidad y estructura a los vinos. Suelos arenosos y franco-arenosos: Permiten un buen drenaje, adem\u00e1s de favorecer la intensidad arom\u00e1tica en las uvas. Suelos pobres en materia org\u00e1nica: Limitan el vigor de las vides, lo que contribuye a una mayor concentraci\u00f3n en las bayas ALTITUD Nuestros vi\u00f1edos se encuentran a altitudes de entre 900 y 950 metros sobre el nivel del mar, con un terreno accidentado y terrazas naturales. Esto crea un microclima ideal que, combinado con la composici\u00f3n del suelo, asegura una maduraci\u00f3n lenta y equilibrada de las uvas. La contrapartida es que tenemos con bastante frecuencia accidentes climatol\u00f3gicos a veces catastr\u00f3ficos como heladas primaverales o episodios tormentosos con presencia de granizo.","og_url":"https:\/\/vinotaruguin.com\/en\/vinedos\/","og_site_name":"Tarugu\u00edn","article_modified_time":"2025-03-25T11:34:45+00:00","og_image":[{"url":"https:\/\/vinotaruguin.com\/wp-content\/uploads\/2024\/08\/suelo-300x300.png","type":"","width":"","height":""}],"twitter_card":"summary_large_image","twitter_misc":{"Estimated reading time":"2 minutes"},"schema":{"@context":"https:\/\/schema.org","@graph":[{"@type":"WebPage","@id":"https:\/\/vinotaruguin.com\/vinedos\/","url":"https:\/\/vinotaruguin.com\/vinedos\/","name":"Vi\u00f1edos - Tarugu\u00edn","isPartOf":{"@id":"https:\/\/vinotaruguin.com\/#website"},"primaryImageOfPage":{"@id":"https:\/\/vinotaruguin.com\/vinedos\/#primaryimage"},"image":{"@id":"https:\/\/vinotaruguin.com\/vinedos\/#primaryimage"},"thumbnailUrl":"https:\/\/vinotaruguin.com\/wp-content\/uploads\/2024\/08\/suelo-300x300.png","datePublished":"2024-08-20T10:59:21+00:00","dateModified":"2025-03-25T11:34:45+00:00","breadcrumb":{"@id":"https:\/\/vinotaruguin.com\/vinedos\/#breadcrumb"},"inLanguage":"en-GB","potentialAction":[{"@type":"ReadAction","target":["https:\/\/vinotaruguin.com\/vinedos\/"]}]},{"@type":"ImageObject","inLanguage":"en-GB","@id":"https:\/\/vinotaruguin.com\/vinedos\/#primaryimage","url":"https:\/\/vinotaruguin.com\/wp-content\/uploads\/2024\/08\/suelo-300x300.png","contentUrl":"https:\/\/vinotaruguin.com\/wp-content\/uploads\/2024\/08\/suelo-300x300.png"},{"@type":"BreadcrumbList","@id":"https:\/\/vinotaruguin.com\/vinedos\/#breadcrumb","itemListElement":[{"@type":"ListItem","position":1,"name":"Portada","item":"https:\/\/vinotaruguin.com\/"},{"@type":"ListItem","position":2,"name":"Vi\u00f1edos"}]},{"@type":"WebSite","@id":"https:\/\/vinotaruguin.com\/#website","url":"https:\/\/vinotaruguin.com\/","name":"Tarugu\u00edn","description":"Vino de San Esteban de Gormaz","publisher":{"@id":"https:\/\/vinotaruguin.com\/#organization"},"potentialAction":[{"@type":"SearchAction","target":{"@type":"EntryPoint","urlTemplate":"https:\/\/vinotaruguin.com\/?s={search_term_string}"},"query-input":{"@type":"PropertyValueSpecification","valueRequired":true,"valueName":"search_term_string"}}],"inLanguage":"en-GB"},{"@type":"Organization","@id":"https:\/\/vinotaruguin.com\/#organization","name":"Tarugu\u00edn","url":"https:\/\/vinotaruguin.com\/","logo":{"@type":"ImageObject","inLanguage":"en-GB","@id":"https:\/\/vinotaruguin.com\/#\/schema\/logo\/image\/","url":"https:\/\/vinotaruguin.com\/wp-content\/uploads\/2024\/06\/logo-color-opt.png","contentUrl":"https:\/\/vinotaruguin.com\/wp-content\/uploads\/2024\/06\/logo-color-opt.png","width":1373,"height":198,"caption":"Tarugu\u00edn"},"image":{"@id":"https:\/\/vinotaruguin.com\/#\/schema\/logo\/image\/"}}]}},"_links":{"self":[{"href":"https:\/\/vinotaruguin.com\/en\/wp-json\/wp\/v2\/pages\/815","targetHints":{"allow":["GET"]}}],"collection":[{"href":"https:\/\/vinotaruguin.com\/en\/wp-json\/wp\/v2\/pages"}],"about":[{"href":"https:\/\/vinotaruguin.com\/en\/wp-json\/wp\/v2\/types\/page"}],"author":[{"embeddable":true,"href":"https:\/\/vinotaruguin.com\/en\/wp-json\/wp\/v2\/users\/1"}],"replies":[{"embeddable":true,"href":"https:\/\/vinotaruguin.com\/en\/wp-json\/wp\/v2\/comments?post=815"}],"version-history":[{"count":103,"href":"https:\/\/vinotaruguin.com\/en\/wp-json\/wp\/v2\/pages\/815\/revisions"}],"predecessor-version":[{"id":2344,"href":"https:\/\/vinotaruguin.com\/en\/wp-json\/wp\/v2\/pages\/815\/revisions\/2344"}],"wp:attachment":[{"href":"https:\/\/vinotaruguin.com\/en\/wp-json\/wp\/v2\/media?parent=815"}],"curies":[{"name":"wp","href":"https:\/\/api.w.org\/{rel}","templated":true}]}}