{"id":813,"date":"2024-08-20T10:53:19","date_gmt":"2024-08-20T10:53:19","guid":{"rendered":"https:\/\/vinotaruguin.com\/?page_id=813"},"modified":"2025-03-25T11:37:04","modified_gmt":"2025-03-25T11:37:04","slug":"elaboracion","status":"publish","type":"page","link":"https:\/\/vinotaruguin.com\/en\/elaboracion\/","title":{"rendered":"Winemaking"},"content":{"rendered":"<div data-elementor-type=\"wp-page\" data-elementor-id=\"813\" class=\"elementor elementor-813\">\n\t\t\t\t\t\t<section class=\"elementor-section elementor-top-section elementor-element elementor-element-7c3581c0 elementor-section-content-bottom elementor-section-boxed elementor-section-height-default elementor-section-height-default\" data-id=\"7c3581c0\" data-element_type=\"section\" data-e-type=\"section\" data-settings=\"{&quot;background_background&quot;:&quot;classic&quot;}\">\n\t\t\t\t\t\t\t<div class=\"elementor-background-overlay\"><\/div>\n\t\t\t\t\t\t\t<div class=\"elementor-container elementor-column-gap-default\">\n\t\t\t\t\t<div class=\"elementor-column elementor-col-100 elementor-top-column elementor-element elementor-element-33b52d3\" data-id=\"33b52d3\" data-element_type=\"column\" data-e-type=\"column\">\n\t\t\t<div class=\"elementor-widget-wrap elementor-element-populated\">\n\t\t\t\t\t\t<div class=\"elementor-element elementor-element-71c087ba elementor-widget elementor-widget-heading\" data-id=\"71c087ba\" data-element_type=\"widget\" data-e-type=\"widget\" data-widget_type=\"heading.default\">\n\t\t\t\t<div class=\"elementor-widget-container\">\n\t\t\t\t\t<h2 class=\"elementor-heading-title elementor-size-default\">Winemaking<\/h2>\t\t\t\t<\/div>\n\t\t\t\t<\/div>\n\t\t\t\t<div class=\"elementor-element elementor-element-59272322 elementor-widget elementor-widget-text-editor\" data-id=\"59272322\" data-element_type=\"widget\" data-e-type=\"widget\" data-widget_type=\"text-editor.default\">\n\t\t\t\t<div class=\"elementor-widget-container\">\n\t\t\t\t\t\t\t\t\t<p><span style=\"color: #ffffff;\"><a style=\"color: #ffffff;\" href=\"https:\/\/vinotaruguin.com\/en\/\">Home<\/a> <\/span>\/ <span style=\"color: #999999;\">Winemaking<\/span><\/p>\t\t\t\t\t\t\t\t<\/div>\n\t\t\t\t<\/div>\n\t\t\t\t\t<\/div>\n\t\t<\/div>\n\t\t\t\t\t<\/div>\n\t\t<\/section>\n\t\t<div class=\"elementor-element elementor-element-009b669 e-con-full e-flex e-con e-parent\" data-id=\"009b669\" data-element_type=\"container\" data-e-type=\"container\">\n\t\t<div class=\"elementor-element elementor-element-b9b416e e-con-full e-flex e-con e-child\" data-id=\"b9b416e\" data-element_type=\"container\" data-e-type=\"container\" data-settings=\"{&quot;animation&quot;:&quot;none&quot;}\">\n\t\t\t\t<div class=\"elementor-element elementor-element-0e518f7 elementor-widget elementor-widget-heading\" data-id=\"0e518f7\" data-element_type=\"widget\" data-e-type=\"widget\" data-widget_type=\"heading.default\">\n\t\t\t\t<div class=\"elementor-widget-container\">\n\t\t\t\t\t<h2 class=\"elementor-heading-title elementor-size-default\">We craft a wine that embodies the true spirit of Ribera del Duero \u2014 defying traditional clich\u00e9s along the way<\/h2>\t\t\t\t<\/div>\n\t\t\t\t<\/div>\n\t\t\t\t<\/div>\n\t\t<div class=\"elementor-element elementor-element-0d184ce e-con-full e-flex e-con e-child\" data-id=\"0d184ce\" data-element_type=\"container\" data-e-type=\"container\" data-settings=\"{&quot;animation&quot;:&quot;none&quot;}\">\n\t\t\t\t<div class=\"elementor-element elementor-element-5d757f7 wpr-feature-list-left wpr-feature-list-square wpr-feature-list-line-yes elementor-invisible elementor-widget elementor-widget-wpr-feature-list\" data-id=\"5d757f7\" data-element_type=\"widget\" data-e-type=\"widget\" data-settings=\"{&quot;_animation&quot;:&quot;fadeInRight&quot;}\" data-widget_type=\"wpr-feature-list.default\">\n\t\t\t\t<div class=\"elementor-widget-container\">\n\t\t\t\t\t<div class=\"wpr-feature-list-wrap\"><ul class=\"wpr-feature-list\"><li class=\"wpr-feature-list-item elementor-repeater-item-14382f2\"><div class=\"wpr-feature-list-icon-wrap\"><span class=\"wpr-feature-list-line\"><\/span><div class=\"wpr-feature-list-icon-inner-wrap\"><img decoding=\"async\" src=\"https:\/\/vinotaruguin.com\/wp-content\/uploads\/2025\/01\/fermentacion-vino.png\"><\/div><\/div><div class=\"wpr-feature-list-content-wrap\"><h2 class=\"wpr-feature-list-title\"><a class=\"wpr-feature-list-url\" target=\"_blank\" rel=\"nofollow\">Fermentations<\/a><\/h2><p class=\"wpr-feature-list-description\">We carry out spontaneous fermentations in small tanks, driven entirely by native yeasts. The grapes are destemmed and placed in the tanks without being crushed and with no mechanical intervention. The fermentation unfolds slowly and gently, allowing for a long maceration with the skins that gives the wines a delicate yet fragrant character.<\/p><\/div><\/li><li class=\"wpr-feature-list-item elementor-repeater-item-f2b7c73\"><div class=\"wpr-feature-list-icon-wrap\"><span class=\"wpr-feature-list-line\"><\/span><div class=\"wpr-feature-list-icon-inner-wrap\"><img decoding=\"async\" src=\"https:\/\/vinotaruguin.com\/wp-content\/uploads\/2025\/01\/barrica-vino.png\"><\/div><\/div><div class=\"wpr-feature-list-content-wrap\"><h2 class=\"wpr-feature-list-title\"><a class=\"wpr-feature-list-url\" target=\"_blank\" rel=\"nofollow\">Barrels<\/a><\/h2><p class=\"wpr-feature-list-description\">Once the wine is finished, it is transferred into French oak barrels from different origins. Under the careful supervision of its creators, the porosity of the oak allows for controlled micro-oxygenation, which softens the tannins, stabilizes the color, and rounds out the wine. These barrels also host a second key process: malolactic fermentation.<\/p><\/div><\/li><li class=\"wpr-feature-list-item elementor-repeater-item-87d608e\"><div class=\"wpr-feature-list-icon-wrap\"><span class=\"wpr-feature-list-line\"><\/span><div class=\"wpr-feature-list-icon-inner-wrap\"><img decoding=\"async\" src=\"https:\/\/vinotaruguin.com\/wp-content\/uploads\/2025\/01\/vino.png\"><\/div><\/div><div class=\"wpr-feature-list-content-wrap\"><h2 class=\"wpr-feature-list-title\"><a class=\"wpr-feature-list-url\" target=\"_blank\" rel=\"nofollow\">Bottles<\/a><\/h2><p class=\"wpr-feature-list-description\">Our wines possess a profile that allows them to evolve positively over time. During bottle aging, the tannins, acidity, and alcohol gradually harmonize, softening the wine's edges. This results in a silkier texture and a more balanced profile. The wine undergoes a controlled evolution that enhances its finesse, aromatic complexity, and overall balance. We estimate that our wines can age gracefully for at least 10 years.<\/p><\/div><\/li><\/ul><\/div>\t\t\t\t<\/div>\n\t\t\t\t<\/div>\n\t\t\t\t<\/div>\n\t\t\t\t<\/div>\n\t\t\t\t<\/div>","protected":false},"excerpt":{"rendered":"<p>ELABORACI\u00d3N Inicio \/ Elaboraci\u00f3n Elaboramos un vino que captura la esencia de la Ribera del Duero, rompiendo con los clich\u00e9s tradicionales Fermentaciones Desarrollamos las fermentaciones espont\u00e1neas en peque\u00f1os dep\u00f3sitos. Las levaduras aut\u00f3ctonas son las responsables de este proceso. La uva es despalillada y, sin estrujar, se introduce en los dep\u00f3sitos sin ninguna otra acci\u00f3n mec\u00e1nica. Las fermentaciones son lentas y tranquilas, produci\u00e9ndose una lenta maceraci\u00f3n con sus pieles que aporta a los vinos una personalidad delicada pero fragante. Barricas Una vez terminado el vino, se introduce en barricas de roble franc\u00e9s de diferentes procedencias donde, bajo la tutela y seguimiento de sus creadores, la porosidad del roble permite una microoxigenaci\u00f3n controlada, que suaviza los taninos, estabiliza el color y redondea el vino. En estos recipientes se activa un segundo proceso clave, la fermentaci\u00f3n malol\u00e1ctica. Botellas Nuestros vinos tienen un perfil que les permite evolucionar positivamente en el tiempo. Durante la crianza en botella, los taninos, la acidez y el alcohol se armonizan, suavizando las aristas del vino. Esto da lugar a una textura m\u00e1s sedosa y un perfil m\u00e1s equilibrado. El vino experimenta una evoluci\u00f3n controlada que contribuye a su afinamiento, complejidad arom\u00e1tica y equilibrio. Estimamos que nuestras elaboraciones pueden evolucionar positivamente al menos 10 a\u00f1os.<\/p>","protected":false},"author":1,"featured_media":0,"parent":0,"menu_order":0,"comment_status":"closed","ping_status":"closed","template":"elementor_header_footer","meta":{"footnotes":""},"class_list":["post-813","page","type-page","status-publish","hentry"],"yoast_head":"<!-- This site is optimized with the Yoast SEO plugin v27.1.1 - https:\/\/yoast.com\/product\/yoast-seo-wordpress\/ -->\n<title>Elaboraci\u00f3n - Tarugu\u00edn<\/title>\n<meta name=\"robots\" content=\"index, follow, max-snippet:-1, max-image-preview:large, max-video-preview:-1\" \/>\n<link rel=\"canonical\" href=\"https:\/\/vinotaruguin.com\/en\/elaboracion\/\" \/>\n<meta property=\"og:locale\" content=\"en_GB\" \/>\n<meta property=\"og:type\" content=\"article\" \/>\n<meta property=\"og:title\" content=\"Elaboraci\u00f3n - Tarugu\u00edn\" \/>\n<meta property=\"og:description\" content=\"ELABORACI\u00d3N Inicio \/ Elaboraci\u00f3n Elaboramos un vino que captura la esencia de la Ribera del Duero, rompiendo con los clich\u00e9s tradicionales Fermentaciones Desarrollamos las fermentaciones espont\u00e1neas en peque\u00f1os dep\u00f3sitos. Las levaduras aut\u00f3ctonas son las responsables de este proceso. La uva es despalillada y, sin estrujar, se introduce en los dep\u00f3sitos sin ninguna otra acci\u00f3n mec\u00e1nica. Las fermentaciones son lentas y tranquilas, produci\u00e9ndose una lenta maceraci\u00f3n con sus pieles que aporta a los vinos una personalidad delicada pero fragante. Barricas Una vez terminado el vino, se introduce en barricas de roble franc\u00e9s de diferentes procedencias donde, bajo la tutela y seguimiento de sus creadores, la porosidad del roble permite una microoxigenaci\u00f3n controlada, que suaviza los taninos, estabiliza el color y redondea el vino. En estos recipientes se activa un segundo proceso clave, la fermentaci\u00f3n malol\u00e1ctica. Botellas Nuestros vinos tienen un perfil que les permite evolucionar positivamente en el tiempo. Durante la crianza en botella, los taninos, la acidez y el alcohol se armonizan, suavizando las aristas del vino. Esto da lugar a una textura m\u00e1s sedosa y un perfil m\u00e1s equilibrado. El vino experimenta una evoluci\u00f3n controlada que contribuye a su afinamiento, complejidad arom\u00e1tica y equilibrio. Estimamos que nuestras elaboraciones pueden evolucionar positivamente al menos 10 a\u00f1os.\" \/>\n<meta property=\"og:url\" content=\"https:\/\/vinotaruguin.com\/en\/elaboracion\/\" \/>\n<meta property=\"og:site_name\" content=\"Tarugu\u00edn\" \/>\n<meta property=\"article:modified_time\" content=\"2025-03-25T11:37:04+00:00\" \/>\n<meta property=\"og:image\" content=\"https:\/\/vinotaruguin.com\/wp-content\/uploads\/2025\/01\/fermentacion-vino.png\" \/>\n<meta name=\"twitter:card\" content=\"summary_large_image\" \/>\n<meta name=\"twitter:label1\" content=\"Estimated reading time\" \/>\n\t<meta name=\"twitter:data1\" content=\"2 minutes\" \/>\n<script type=\"application\/ld+json\" class=\"yoast-schema-graph\">{\"@context\":\"https:\/\/schema.org\",\"@graph\":[{\"@type\":\"WebPage\",\"@id\":\"https:\/\/vinotaruguin.com\/elaboracion\/\",\"url\":\"https:\/\/vinotaruguin.com\/elaboracion\/\",\"name\":\"Elaboraci\u00f3n - Tarugu\u00edn\",\"isPartOf\":{\"@id\":\"https:\/\/vinotaruguin.com\/#website\"},\"primaryImageOfPage\":{\"@id\":\"https:\/\/vinotaruguin.com\/elaboracion\/#primaryimage\"},\"image\":{\"@id\":\"https:\/\/vinotaruguin.com\/elaboracion\/#primaryimage\"},\"thumbnailUrl\":\"https:\/\/vinotaruguin.com\/wp-content\/uploads\/2025\/01\/fermentacion-vino.png\",\"datePublished\":\"2024-08-20T10:53:19+00:00\",\"dateModified\":\"2025-03-25T11:37:04+00:00\",\"breadcrumb\":{\"@id\":\"https:\/\/vinotaruguin.com\/elaboracion\/#breadcrumb\"},\"inLanguage\":\"en-GB\",\"potentialAction\":[{\"@type\":\"ReadAction\",\"target\":[\"https:\/\/vinotaruguin.com\/elaboracion\/\"]}]},{\"@type\":\"ImageObject\",\"inLanguage\":\"en-GB\",\"@id\":\"https:\/\/vinotaruguin.com\/elaboracion\/#primaryimage\",\"url\":\"https:\/\/vinotaruguin.com\/wp-content\/uploads\/2025\/01\/fermentacion-vino.png\",\"contentUrl\":\"https:\/\/vinotaruguin.com\/wp-content\/uploads\/2025\/01\/fermentacion-vino.png\"},{\"@type\":\"BreadcrumbList\",\"@id\":\"https:\/\/vinotaruguin.com\/elaboracion\/#breadcrumb\",\"itemListElement\":[{\"@type\":\"ListItem\",\"position\":1,\"name\":\"Portada\",\"item\":\"https:\/\/vinotaruguin.com\/\"},{\"@type\":\"ListItem\",\"position\":2,\"name\":\"Elaboraci\u00f3n\"}]},{\"@type\":\"WebSite\",\"@id\":\"https:\/\/vinotaruguin.com\/#website\",\"url\":\"https:\/\/vinotaruguin.com\/\",\"name\":\"Tarugu\u00edn\",\"description\":\"Vino de San Esteban de Gormaz\",\"publisher\":{\"@id\":\"https:\/\/vinotaruguin.com\/#organization\"},\"potentialAction\":[{\"@type\":\"SearchAction\",\"target\":{\"@type\":\"EntryPoint\",\"urlTemplate\":\"https:\/\/vinotaruguin.com\/?s={search_term_string}\"},\"query-input\":{\"@type\":\"PropertyValueSpecification\",\"valueRequired\":true,\"valueName\":\"search_term_string\"}}],\"inLanguage\":\"en-GB\"},{\"@type\":\"Organization\",\"@id\":\"https:\/\/vinotaruguin.com\/#organization\",\"name\":\"Tarugu\u00edn\",\"url\":\"https:\/\/vinotaruguin.com\/\",\"logo\":{\"@type\":\"ImageObject\",\"inLanguage\":\"en-GB\",\"@id\":\"https:\/\/vinotaruguin.com\/#\/schema\/logo\/image\/\",\"url\":\"https:\/\/vinotaruguin.com\/wp-content\/uploads\/2024\/06\/logo-color-opt.png\",\"contentUrl\":\"https:\/\/vinotaruguin.com\/wp-content\/uploads\/2024\/06\/logo-color-opt.png\",\"width\":1373,\"height\":198,\"caption\":\"Tarugu\u00edn\"},\"image\":{\"@id\":\"https:\/\/vinotaruguin.com\/#\/schema\/logo\/image\/\"}}]}<\/script>\n<!-- \/ Yoast SEO plugin. -->","yoast_head_json":{"title":"Elaboraci\u00f3n - Tarugu\u00edn","robots":{"index":"index","follow":"follow","max-snippet":"max-snippet:-1","max-image-preview":"max-image-preview:large","max-video-preview":"max-video-preview:-1"},"canonical":"https:\/\/vinotaruguin.com\/en\/elaboracion\/","og_locale":"en_GB","og_type":"article","og_title":"Elaboraci\u00f3n - Tarugu\u00edn","og_description":"ELABORACI\u00d3N Inicio \/ Elaboraci\u00f3n Elaboramos un vino que captura la esencia de la Ribera del Duero, rompiendo con los clich\u00e9s tradicionales Fermentaciones Desarrollamos las fermentaciones espont\u00e1neas en peque\u00f1os dep\u00f3sitos. Las levaduras aut\u00f3ctonas son las responsables de este proceso. La uva es despalillada y, sin estrujar, se introduce en los dep\u00f3sitos sin ninguna otra acci\u00f3n mec\u00e1nica. Las fermentaciones son lentas y tranquilas, produci\u00e9ndose una lenta maceraci\u00f3n con sus pieles que aporta a los vinos una personalidad delicada pero fragante. Barricas Una vez terminado el vino, se introduce en barricas de roble franc\u00e9s de diferentes procedencias donde, bajo la tutela y seguimiento de sus creadores, la porosidad del roble permite una microoxigenaci\u00f3n controlada, que suaviza los taninos, estabiliza el color y redondea el vino. En estos recipientes se activa un segundo proceso clave, la fermentaci\u00f3n malol\u00e1ctica. Botellas Nuestros vinos tienen un perfil que les permite evolucionar positivamente en el tiempo. Durante la crianza en botella, los taninos, la acidez y el alcohol se armonizan, suavizando las aristas del vino. Esto da lugar a una textura m\u00e1s sedosa y un perfil m\u00e1s equilibrado. El vino experimenta una evoluci\u00f3n controlada que contribuye a su afinamiento, complejidad arom\u00e1tica y equilibrio. Estimamos que nuestras elaboraciones pueden evolucionar positivamente al menos 10 a\u00f1os.","og_url":"https:\/\/vinotaruguin.com\/en\/elaboracion\/","og_site_name":"Tarugu\u00edn","article_modified_time":"2025-03-25T11:37:04+00:00","og_image":[{"url":"https:\/\/vinotaruguin.com\/wp-content\/uploads\/2025\/01\/fermentacion-vino.png","type":"","width":"","height":""}],"twitter_card":"summary_large_image","twitter_misc":{"Estimated reading time":"2 minutes"},"schema":{"@context":"https:\/\/schema.org","@graph":[{"@type":"WebPage","@id":"https:\/\/vinotaruguin.com\/elaboracion\/","url":"https:\/\/vinotaruguin.com\/elaboracion\/","name":"Elaboraci\u00f3n - Tarugu\u00edn","isPartOf":{"@id":"https:\/\/vinotaruguin.com\/#website"},"primaryImageOfPage":{"@id":"https:\/\/vinotaruguin.com\/elaboracion\/#primaryimage"},"image":{"@id":"https:\/\/vinotaruguin.com\/elaboracion\/#primaryimage"},"thumbnailUrl":"https:\/\/vinotaruguin.com\/wp-content\/uploads\/2025\/01\/fermentacion-vino.png","datePublished":"2024-08-20T10:53:19+00:00","dateModified":"2025-03-25T11:37:04+00:00","breadcrumb":{"@id":"https:\/\/vinotaruguin.com\/elaboracion\/#breadcrumb"},"inLanguage":"en-GB","potentialAction":[{"@type":"ReadAction","target":["https:\/\/vinotaruguin.com\/elaboracion\/"]}]},{"@type":"ImageObject","inLanguage":"en-GB","@id":"https:\/\/vinotaruguin.com\/elaboracion\/#primaryimage","url":"https:\/\/vinotaruguin.com\/wp-content\/uploads\/2025\/01\/fermentacion-vino.png","contentUrl":"https:\/\/vinotaruguin.com\/wp-content\/uploads\/2025\/01\/fermentacion-vino.png"},{"@type":"BreadcrumbList","@id":"https:\/\/vinotaruguin.com\/elaboracion\/#breadcrumb","itemListElement":[{"@type":"ListItem","position":1,"name":"Portada","item":"https:\/\/vinotaruguin.com\/"},{"@type":"ListItem","position":2,"name":"Elaboraci\u00f3n"}]},{"@type":"WebSite","@id":"https:\/\/vinotaruguin.com\/#website","url":"https:\/\/vinotaruguin.com\/","name":"Tarugu\u00edn","description":"Vino de San Esteban de Gormaz","publisher":{"@id":"https:\/\/vinotaruguin.com\/#organization"},"potentialAction":[{"@type":"SearchAction","target":{"@type":"EntryPoint","urlTemplate":"https:\/\/vinotaruguin.com\/?s={search_term_string}"},"query-input":{"@type":"PropertyValueSpecification","valueRequired":true,"valueName":"search_term_string"}}],"inLanguage":"en-GB"},{"@type":"Organization","@id":"https:\/\/vinotaruguin.com\/#organization","name":"Tarugu\u00edn","url":"https:\/\/vinotaruguin.com\/","logo":{"@type":"ImageObject","inLanguage":"en-GB","@id":"https:\/\/vinotaruguin.com\/#\/schema\/logo\/image\/","url":"https:\/\/vinotaruguin.com\/wp-content\/uploads\/2024\/06\/logo-color-opt.png","contentUrl":"https:\/\/vinotaruguin.com\/wp-content\/uploads\/2024\/06\/logo-color-opt.png","width":1373,"height":198,"caption":"Tarugu\u00edn"},"image":{"@id":"https:\/\/vinotaruguin.com\/#\/schema\/logo\/image\/"}}]}},"_links":{"self":[{"href":"https:\/\/vinotaruguin.com\/en\/wp-json\/wp\/v2\/pages\/813","targetHints":{"allow":["GET"]}}],"collection":[{"href":"https:\/\/vinotaruguin.com\/en\/wp-json\/wp\/v2\/pages"}],"about":[{"href":"https:\/\/vinotaruguin.com\/en\/wp-json\/wp\/v2\/types\/page"}],"author":[{"embeddable":true,"href":"https:\/\/vinotaruguin.com\/en\/wp-json\/wp\/v2\/users\/1"}],"replies":[{"embeddable":true,"href":"https:\/\/vinotaruguin.com\/en\/wp-json\/wp\/v2\/comments?post=813"}],"version-history":[{"count":68,"href":"https:\/\/vinotaruguin.com\/en\/wp-json\/wp\/v2\/pages\/813\/revisions"}],"predecessor-version":[{"id":2351,"href":"https:\/\/vinotaruguin.com\/en\/wp-json\/wp\/v2\/pages\/813\/revisions\/2351"}],"wp:attachment":[{"href":"https:\/\/vinotaruguin.com\/en\/wp-json\/wp\/v2\/media?parent=813"}],"curies":[{"name":"wp","href":"https:\/\/api.w.org\/{rel}","templated":true}]}}