{"id":811,"date":"2024-08-20T10:51:59","date_gmt":"2024-08-20T10:51:59","guid":{"rendered":"https:\/\/vinotaruguin.com\/?page_id=811"},"modified":"2025-03-25T11:30:12","modified_gmt":"2025-03-25T11:30:12","slug":"zona","status":"publish","type":"page","link":"https:\/\/vinotaruguin.com\/en\/zona\/","title":{"rendered":"Area"},"content":{"rendered":"<div data-elementor-type=\"wp-page\" data-elementor-id=\"811\" class=\"elementor elementor-811\">\n\t\t\t\t\t\t<section class=\"elementor-section elementor-top-section elementor-element elementor-element-583244cd elementor-section-content-bottom elementor-section-boxed elementor-section-height-default elementor-section-height-default\" data-id=\"583244cd\" data-element_type=\"section\" data-e-type=\"section\" data-settings=\"{&quot;background_background&quot;:&quot;classic&quot;}\">\n\t\t\t\t\t\t\t<div class=\"elementor-background-overlay\"><\/div>\n\t\t\t\t\t\t\t<div class=\"elementor-container elementor-column-gap-default\">\n\t\t\t\t\t<div class=\"elementor-column elementor-col-100 elementor-top-column elementor-element elementor-element-73746bea\" data-id=\"73746bea\" data-element_type=\"column\" data-e-type=\"column\">\n\t\t\t<div class=\"elementor-widget-wrap elementor-element-populated\">\n\t\t\t\t\t\t<div class=\"elementor-element elementor-element-250ed98a elementor-widget elementor-widget-heading\" data-id=\"250ed98a\" data-element_type=\"widget\" data-e-type=\"widget\" data-widget_type=\"heading.default\">\n\t\t\t\t<div class=\"elementor-widget-container\">\n\t\t\t\t\t<h2 class=\"elementor-heading-title elementor-size-default\">AREA<\/h2>\t\t\t\t<\/div>\n\t\t\t\t<\/div>\n\t\t\t\t<div class=\"elementor-element elementor-element-4674cadf elementor-widget elementor-widget-text-editor\" data-id=\"4674cadf\" data-element_type=\"widget\" data-e-type=\"widget\" data-widget_type=\"text-editor.default\">\n\t\t\t\t<div class=\"elementor-widget-container\">\n\t\t\t\t\t\t\t\t\t<p><span style=\"color: #ffffff;\"><a style=\"color: #ffffff;\" href=\"https:\/\/vinotaruguin.com\/en\/\">Home<\/a> <\/span>\/ <span style=\"color: #999999;\">Area<\/span><\/p>\t\t\t\t\t\t\t\t<\/div>\n\t\t\t\t<\/div>\n\t\t\t\t\t<\/div>\n\t\t<\/div>\n\t\t\t\t\t<\/div>\n\t\t<\/section>\n\t\t<div class=\"elementor-element elementor-element-1d59dba e-grid e-con-full e-con e-parent\" data-id=\"1d59dba\" data-element_type=\"container\" data-e-type=\"container\">\n\t\t<div class=\"elementor-element elementor-element-d084b2e e-con-full e-flex e-con e-child\" data-id=\"d084b2e\" data-element_type=\"container\" data-e-type=\"container\" data-settings=\"{&quot;animation&quot;:&quot;none&quot;,&quot;background_background&quot;:&quot;classic&quot;}\">\n\t\t\t\t<div class=\"elementor-element elementor-element-d17f4d3 elementor-invisible elementor-widget elementor-widget-heading\" data-id=\"d17f4d3\" data-element_type=\"widget\" data-e-type=\"widget\" data-settings=\"{&quot;_animation&quot;:&quot;slideInLeft&quot;}\" data-widget_type=\"heading.default\">\n\t\t\t\t<div class=\"elementor-widget-container\">\n\t\t\t\t\t<h2 class=\"elementor-heading-title elementor-size-default\">Discover <\/h2>\t\t\t\t<\/div>\n\t\t\t\t<\/div>\n\t\t\t\t<div class=\"elementor-element elementor-element-acb3c6f elementor-invisible elementor-widget elementor-widget-heading\" data-id=\"acb3c6f\" data-element_type=\"widget\" data-e-type=\"widget\" data-settings=\"{&quot;_animation&quot;:&quot;slideInLeft&quot;}\" data-widget_type=\"heading.default\">\n\t\t\t\t<div class=\"elementor-widget-container\">\n\t\t\t\t\t<h2 class=\"elementor-heading-title elementor-size-default\">the easternmost part of the Ribera del Duero<\/h2>\t\t\t\t<\/div>\n\t\t\t\t<\/div>\n\t\t\t\t<div class=\"elementor-element elementor-element-41f7330 elementor-invisible elementor-widget elementor-widget-text-editor\" data-id=\"41f7330\" data-element_type=\"widget\" data-e-type=\"widget\" data-settings=\"{&quot;_animation&quot;:&quot;slideInLeft&quot;}\" data-widget_type=\"text-editor.default\">\n\t\t\t\t<div class=\"elementor-widget-container\">\n\t\t\t\t\t\t\t\t\t<p class=\"translation-block\">In the easternmost part of the Ribera del Duero (Soria), at high altitude, we find old majuelo vineyards\u2014small traditional plots\u2014where resilient, timeworn vines still endure.<\/p><p class=\"translation-block\">San Esteban de Gormaz is defined by a predominantly continental climate, with long, cold winters and hot, dry summers. However, a touch of Atlantic influence brings slight humidity and moderates the extreme temperatures typical of other areas in Castilla.<\/p><p class=\"translation-block\">Located at an average altitude of 900 meters above sea level, the region experiences significant temperature swings between day and night. These variations promote slow, gradual ripening of the grapes, resulting in a higher concentration of aromas and flavors, while preserving balanced acidity.<\/p>\t\t\t\t\t\t\t\t<\/div>\n\t\t\t\t<\/div>\n\t\t\t\t<\/div>\n\t\t<div class=\"elementor-element elementor-element-68f4754 e-con-full e-flex e-con e-child\" data-id=\"68f4754\" data-element_type=\"container\" data-e-type=\"container\">\n\t\t\t\t<\/div>\n\t\t\t\t<\/div>\n\t\t<div class=\"elementor-element elementor-element-9284c32 e-grid e-con-full e-con e-parent\" data-id=\"9284c32\" data-element_type=\"container\" data-e-type=\"container\">\n\t\t<div class=\"elementor-element elementor-element-26df36b e-con-full e-flex e-con e-child\" data-id=\"26df36b\" data-element_type=\"container\" data-e-type=\"container\">\n\t\t\t\t<\/div>\n\t\t<div class=\"elementor-element elementor-element-03d0bc1 e-con-full e-flex e-con e-child\" data-id=\"03d0bc1\" data-element_type=\"container\" data-e-type=\"container\" data-settings=\"{&quot;animation&quot;:&quot;none&quot;,&quot;background_background&quot;:&quot;classic&quot;}\">\n\t\t\t\t<div class=\"elementor-element elementor-element-afad7b3 elementor-invisible elementor-widget elementor-widget-heading\" data-id=\"afad7b3\" data-element_type=\"widget\" data-e-type=\"widget\" data-settings=\"{&quot;_animation&quot;:&quot;slideInRight&quot;}\" data-widget_type=\"heading.default\">\n\t\t\t\t<div class=\"elementor-widget-container\">\n\t\t\t\t\t<h2 class=\"elementor-heading-title elementor-size-default\">Our Vineyard<\/h2>\t\t\t\t<\/div>\n\t\t\t\t<\/div>\n\t\t\t\t<div class=\"elementor-element elementor-element-c9b3c29 elementor-invisible elementor-widget elementor-widget-heading\" data-id=\"c9b3c29\" data-element_type=\"widget\" data-e-type=\"widget\" data-settings=\"{&quot;_animation&quot;:&quot;slideInRight&quot;}\" data-widget_type=\"heading.default\">\n\t\t\t\t<div class=\"elementor-widget-container\">\n\t\t\t\t\t<h2 class=\"elementor-heading-title elementor-size-default\">and the Environment<\/h2>\t\t\t\t<\/div>\n\t\t\t\t<\/div>\n\t\t\t\t<div class=\"elementor-element elementor-element-087c750 elementor-invisible elementor-widget elementor-widget-text-editor\" data-id=\"087c750\" data-element_type=\"widget\" data-e-type=\"widget\" data-settings=\"{&quot;_animation&quot;:&quot;slideInRight&quot;}\" data-widget_type=\"text-editor.default\">\n\t\t\t\t<div class=\"elementor-widget-container\">\n\t\t\t\t\t\t\t\t\t<p class=\"translation-block\">The vineyards are typically planted in loamy-sandy soils, rich in limestone and with excellent drainage capacity. Combined with the dry climate, these conditions force the vines to develop deep root systems, enhancing the concentration and quality of the grapes.<\/p><p class=\"translation-block\">The natural climate conditions of San Esteban de Gormaz support sustainable viticulture, with minimal need for chemical treatments thanks to the low incidence of vineyard diseases.<\/p>\t\t\t\t\t\t\t\t<\/div>\n\t\t\t\t<\/div>\n\t\t\t\t<\/div>\n\t\t\t\t<\/div>\n\t\t\t\t<\/div>","protected":false},"excerpt":{"rendered":"<p>ZONA &#8211; REGI\u00d3N Inicio \/ Historia Descubre el rinc\u00f3n m\u00e1s oriental de la Ribera del Duero En la zona m\u00e1s oriental de la Ribera del Duero (Soria), a una gran altitud nos encontramos viejos majuelos (peque\u00f1as plantaciones de vi\u00f1edo) donde subsisten esforzadamente sus inquebrantables plantas. San Esteban de Gormaz est\u00e1 marcado por un clima predominantemente continental, con inviernos largos y fr\u00edos, y veranos c\u00e1lidos y secos. Sin embargo, la influencia atl\u00e1ntica moderada permite un ligero aporte de humedad y temperaturas menos extremas en comparaci\u00f3n con otras zonas de Castilla. Situado a una altitud media de 900 metros sobre el nivel del mar, el \u00e1rea experimenta una amplitud t\u00e9rmica significativa entre el d\u00eda y la noche. Estas diferencias favorecen una maduraci\u00f3n lenta y progresiva de las uvas, lo que contribuye a una mayor concentraci\u00f3n de aromas y sabores, adem\u00e1s de preservar una acidez equilibrada. Nuestro vi\u00f1edo y el medio ambiente Los vi\u00f1edos suelen estar plantados en suelos franco-arenosos, ricos en caliza y con una excelente capacidad de drenaje. Esto, unido al clima seco, obliga a las vides a desarrollar ra\u00edces profundas, mejorando la concentraci\u00f3n y la calidad de sus uvas. Las condiciones clim\u00e1ticas naturales de San Esteban de Gormaz facilitan una viticultura sostenible, con menores necesidades de tratamientos qu\u00edmicos debido al bajo \u00edndice de enfermedades en el vi\u00f1edo.<\/p>","protected":false},"author":1,"featured_media":0,"parent":0,"menu_order":0,"comment_status":"closed","ping_status":"closed","template":"elementor_header_footer","meta":{"footnotes":""},"class_list":["post-811","page","type-page","status-publish","hentry"],"yoast_head":"<!-- This site is optimized with the Yoast SEO plugin v27.1.1 - https:\/\/yoast.com\/product\/yoast-seo-wordpress\/ -->\n<title>Zona - Tarugu\u00edn<\/title>\n<meta name=\"robots\" content=\"index, follow, max-snippet:-1, max-image-preview:large, max-video-preview:-1\" \/>\n<link rel=\"canonical\" href=\"https:\/\/vinotaruguin.com\/en\/zona\/\" \/>\n<meta property=\"og:locale\" content=\"en_GB\" \/>\n<meta property=\"og:type\" content=\"article\" \/>\n<meta property=\"og:title\" content=\"Zona - Tarugu\u00edn\" \/>\n<meta property=\"og:description\" content=\"ZONA &#8211; REGI\u00d3N Inicio \/ Historia Descubre el rinc\u00f3n m\u00e1s oriental de la Ribera del Duero En la zona m\u00e1s oriental de la Ribera del Duero (Soria), a una gran altitud nos encontramos viejos majuelos (peque\u00f1as plantaciones de vi\u00f1edo) donde subsisten esforzadamente sus inquebrantables plantas. San Esteban de Gormaz est\u00e1 marcado por un clima predominantemente continental, con inviernos largos y fr\u00edos, y veranos c\u00e1lidos y secos. Sin embargo, la influencia atl\u00e1ntica moderada permite un ligero aporte de humedad y temperaturas menos extremas en comparaci\u00f3n con otras zonas de Castilla. Situado a una altitud media de 900 metros sobre el nivel del mar, el \u00e1rea experimenta una amplitud t\u00e9rmica significativa entre el d\u00eda y la noche. Estas diferencias favorecen una maduraci\u00f3n lenta y progresiva de las uvas, lo que contribuye a una mayor concentraci\u00f3n de aromas y sabores, adem\u00e1s de preservar una acidez equilibrada. Nuestro vi\u00f1edo y el medio ambiente Los vi\u00f1edos suelen estar plantados en suelos franco-arenosos, ricos en caliza y con una excelente capacidad de drenaje. Esto, unido al clima seco, obliga a las vides a desarrollar ra\u00edces profundas, mejorando la concentraci\u00f3n y la calidad de sus uvas. Las condiciones clim\u00e1ticas naturales de San Esteban de Gormaz facilitan una viticultura sostenible, con menores necesidades de tratamientos qu\u00edmicos debido al bajo \u00edndice de enfermedades en el vi\u00f1edo.\" \/>\n<meta property=\"og:url\" content=\"https:\/\/vinotaruguin.com\/en\/zona\/\" \/>\n<meta property=\"og:site_name\" content=\"Tarugu\u00edn\" \/>\n<meta property=\"article:modified_time\" content=\"2025-03-25T11:30:12+00:00\" \/>\n<meta name=\"twitter:card\" content=\"summary_large_image\" \/>\n<meta name=\"twitter:label1\" content=\"Estimated reading time\" \/>\n\t<meta name=\"twitter:data1\" content=\"1 minute\" \/>\n<script type=\"application\/ld+json\" class=\"yoast-schema-graph\">{\"@context\":\"https:\/\/schema.org\",\"@graph\":[{\"@type\":\"WebPage\",\"@id\":\"https:\/\/vinotaruguin.com\/zona\/\",\"url\":\"https:\/\/vinotaruguin.com\/zona\/\",\"name\":\"Zona - Tarugu\u00edn\",\"isPartOf\":{\"@id\":\"https:\/\/vinotaruguin.com\/#website\"},\"datePublished\":\"2024-08-20T10:51:59+00:00\",\"dateModified\":\"2025-03-25T11:30:12+00:00\",\"breadcrumb\":{\"@id\":\"https:\/\/vinotaruguin.com\/zona\/#breadcrumb\"},\"inLanguage\":\"en-GB\",\"potentialAction\":[{\"@type\":\"ReadAction\",\"target\":[\"https:\/\/vinotaruguin.com\/zona\/\"]}]},{\"@type\":\"BreadcrumbList\",\"@id\":\"https:\/\/vinotaruguin.com\/zona\/#breadcrumb\",\"itemListElement\":[{\"@type\":\"ListItem\",\"position\":1,\"name\":\"Portada\",\"item\":\"https:\/\/vinotaruguin.com\/\"},{\"@type\":\"ListItem\",\"position\":2,\"name\":\"Zona\"}]},{\"@type\":\"WebSite\",\"@id\":\"https:\/\/vinotaruguin.com\/#website\",\"url\":\"https:\/\/vinotaruguin.com\/\",\"name\":\"Tarugu\u00edn\",\"description\":\"Vino de San Esteban de Gormaz\",\"publisher\":{\"@id\":\"https:\/\/vinotaruguin.com\/#organization\"},\"potentialAction\":[{\"@type\":\"SearchAction\",\"target\":{\"@type\":\"EntryPoint\",\"urlTemplate\":\"https:\/\/vinotaruguin.com\/?s={search_term_string}\"},\"query-input\":{\"@type\":\"PropertyValueSpecification\",\"valueRequired\":true,\"valueName\":\"search_term_string\"}}],\"inLanguage\":\"en-GB\"},{\"@type\":\"Organization\",\"@id\":\"https:\/\/vinotaruguin.com\/#organization\",\"name\":\"Tarugu\u00edn\",\"url\":\"https:\/\/vinotaruguin.com\/\",\"logo\":{\"@type\":\"ImageObject\",\"inLanguage\":\"en-GB\",\"@id\":\"https:\/\/vinotaruguin.com\/#\/schema\/logo\/image\/\",\"url\":\"https:\/\/vinotaruguin.com\/wp-content\/uploads\/2024\/06\/logo-color-opt.png\",\"contentUrl\":\"https:\/\/vinotaruguin.com\/wp-content\/uploads\/2024\/06\/logo-color-opt.png\",\"width\":1373,\"height\":198,\"caption\":\"Tarugu\u00edn\"},\"image\":{\"@id\":\"https:\/\/vinotaruguin.com\/#\/schema\/logo\/image\/\"}}]}<\/script>\n<!-- \/ Yoast SEO plugin. -->","yoast_head_json":{"title":"Zona - Tarugu\u00edn","robots":{"index":"index","follow":"follow","max-snippet":"max-snippet:-1","max-image-preview":"max-image-preview:large","max-video-preview":"max-video-preview:-1"},"canonical":"https:\/\/vinotaruguin.com\/en\/zona\/","og_locale":"en_GB","og_type":"article","og_title":"Zona - Tarugu\u00edn","og_description":"ZONA &#8211; REGI\u00d3N Inicio \/ Historia Descubre el rinc\u00f3n m\u00e1s oriental de la Ribera del Duero En la zona m\u00e1s oriental de la Ribera del Duero (Soria), a una gran altitud nos encontramos viejos majuelos (peque\u00f1as plantaciones de vi\u00f1edo) donde subsisten esforzadamente sus inquebrantables plantas. San Esteban de Gormaz est\u00e1 marcado por un clima predominantemente continental, con inviernos largos y fr\u00edos, y veranos c\u00e1lidos y secos. Sin embargo, la influencia atl\u00e1ntica moderada permite un ligero aporte de humedad y temperaturas menos extremas en comparaci\u00f3n con otras zonas de Castilla. Situado a una altitud media de 900 metros sobre el nivel del mar, el \u00e1rea experimenta una amplitud t\u00e9rmica significativa entre el d\u00eda y la noche. Estas diferencias favorecen una maduraci\u00f3n lenta y progresiva de las uvas, lo que contribuye a una mayor concentraci\u00f3n de aromas y sabores, adem\u00e1s de preservar una acidez equilibrada. Nuestro vi\u00f1edo y el medio ambiente Los vi\u00f1edos suelen estar plantados en suelos franco-arenosos, ricos en caliza y con una excelente capacidad de drenaje. Esto, unido al clima seco, obliga a las vides a desarrollar ra\u00edces profundas, mejorando la concentraci\u00f3n y la calidad de sus uvas. Las condiciones clim\u00e1ticas naturales de San Esteban de Gormaz facilitan una viticultura sostenible, con menores necesidades de tratamientos qu\u00edmicos debido al bajo \u00edndice de enfermedades en el vi\u00f1edo.","og_url":"https:\/\/vinotaruguin.com\/en\/zona\/","og_site_name":"Tarugu\u00edn","article_modified_time":"2025-03-25T11:30:12+00:00","twitter_card":"summary_large_image","twitter_misc":{"Estimated reading time":"1 minute"},"schema":{"@context":"https:\/\/schema.org","@graph":[{"@type":"WebPage","@id":"https:\/\/vinotaruguin.com\/zona\/","url":"https:\/\/vinotaruguin.com\/zona\/","name":"Zona - Tarugu\u00edn","isPartOf":{"@id":"https:\/\/vinotaruguin.com\/#website"},"datePublished":"2024-08-20T10:51:59+00:00","dateModified":"2025-03-25T11:30:12+00:00","breadcrumb":{"@id":"https:\/\/vinotaruguin.com\/zona\/#breadcrumb"},"inLanguage":"en-GB","potentialAction":[{"@type":"ReadAction","target":["https:\/\/vinotaruguin.com\/zona\/"]}]},{"@type":"BreadcrumbList","@id":"https:\/\/vinotaruguin.com\/zona\/#breadcrumb","itemListElement":[{"@type":"ListItem","position":1,"name":"Portada","item":"https:\/\/vinotaruguin.com\/"},{"@type":"ListItem","position":2,"name":"Zona"}]},{"@type":"WebSite","@id":"https:\/\/vinotaruguin.com\/#website","url":"https:\/\/vinotaruguin.com\/","name":"Tarugu\u00edn","description":"Vino de San Esteban de Gormaz","publisher":{"@id":"https:\/\/vinotaruguin.com\/#organization"},"potentialAction":[{"@type":"SearchAction","target":{"@type":"EntryPoint","urlTemplate":"https:\/\/vinotaruguin.com\/?s={search_term_string}"},"query-input":{"@type":"PropertyValueSpecification","valueRequired":true,"valueName":"search_term_string"}}],"inLanguage":"en-GB"},{"@type":"Organization","@id":"https:\/\/vinotaruguin.com\/#organization","name":"Tarugu\u00edn","url":"https:\/\/vinotaruguin.com\/","logo":{"@type":"ImageObject","inLanguage":"en-GB","@id":"https:\/\/vinotaruguin.com\/#\/schema\/logo\/image\/","url":"https:\/\/vinotaruguin.com\/wp-content\/uploads\/2024\/06\/logo-color-opt.png","contentUrl":"https:\/\/vinotaruguin.com\/wp-content\/uploads\/2024\/06\/logo-color-opt.png","width":1373,"height":198,"caption":"Tarugu\u00edn"},"image":{"@id":"https:\/\/vinotaruguin.com\/#\/schema\/logo\/image\/"}}]}},"_links":{"self":[{"href":"https:\/\/vinotaruguin.com\/en\/wp-json\/wp\/v2\/pages\/811","targetHints":{"allow":["GET"]}}],"collection":[{"href":"https:\/\/vinotaruguin.com\/en\/wp-json\/wp\/v2\/pages"}],"about":[{"href":"https:\/\/vinotaruguin.com\/en\/wp-json\/wp\/v2\/types\/page"}],"author":[{"embeddable":true,"href":"https:\/\/vinotaruguin.com\/en\/wp-json\/wp\/v2\/users\/1"}],"replies":[{"embeddable":true,"href":"https:\/\/vinotaruguin.com\/en\/wp-json\/wp\/v2\/comments?post=811"}],"version-history":[{"count":49,"href":"https:\/\/vinotaruguin.com\/en\/wp-json\/wp\/v2\/pages\/811\/revisions"}],"predecessor-version":[{"id":2327,"href":"https:\/\/vinotaruguin.com\/en\/wp-json\/wp\/v2\/pages\/811\/revisions\/2327"}],"wp:attachment":[{"href":"https:\/\/vinotaruguin.com\/en\/wp-json\/wp\/v2\/media?parent=811"}],"curies":[{"name":"wp","href":"https:\/\/api.w.org\/{rel}","templated":true}]}}