{"id":753,"date":"2024-07-25T12:24:26","date_gmt":"2024-07-25T12:24:26","guid":{"rendered":"https:\/\/vinotaruguin.com\/?page_id=753"},"modified":"2024-07-25T12:25:16","modified_gmt":"2024-07-25T12:25:16","slug":"politica-de-cookies","status":"publish","type":"page","link":"https:\/\/vinotaruguin.com\/en\/politica-de-cookies\/","title":{"rendered":"Cookie Policy"},"content":{"rendered":"<div data-elementor-type=\"wp-page\" data-elementor-id=\"753\" class=\"elementor elementor-753\">\n\t\t\t\t\t\t<section class=\"elementor-section elementor-top-section elementor-element elementor-element-64d7a37e elementor-section-content-bottom elementor-section-boxed elementor-section-height-default elementor-section-height-default\" data-id=\"64d7a37e\" data-element_type=\"section\" data-e-type=\"section\" data-settings=\"{&quot;background_background&quot;:&quot;classic&quot;}\">\n\t\t\t\t\t\t\t<div class=\"elementor-background-overlay\"><\/div>\n\t\t\t\t\t\t\t<div class=\"elementor-container elementor-column-gap-default\">\n\t\t\t\t\t<div class=\"elementor-column elementor-col-100 elementor-top-column elementor-element elementor-element-4d21efe6\" data-id=\"4d21efe6\" data-element_type=\"column\" data-e-type=\"column\">\n\t\t\t<div class=\"elementor-widget-wrap elementor-element-populated\">\n\t\t\t\t\t\t<div class=\"elementor-element elementor-element-18e658d4 elementor-widget elementor-widget-heading\" data-id=\"18e658d4\" data-element_type=\"widget\" data-e-type=\"widget\" data-widget_type=\"heading.default\">\n\t\t\t\t<div class=\"elementor-widget-container\">\n\t\t\t\t\t<h1 class=\"elementor-heading-title elementor-size-default\">Cookie Policy<\/h1>\t\t\t\t<\/div>\n\t\t\t\t<\/div>\n\t\t\t\t\t<\/div>\n\t\t<\/div>\n\t\t\t\t\t<\/div>\n\t\t<\/section>\n\t\t<div class=\"elementor-element elementor-element-54657f26 e-flex e-con-boxed e-con e-parent\" data-id=\"54657f26\" data-element_type=\"container\" data-e-type=\"container\">\n\t\t\t\t\t<div class=\"e-con-inner\">\n\t\t\t\t<div class=\"elementor-element elementor-element-27277aca elementor-widget elementor-widget-text-editor\" data-id=\"27277aca\" data-element_type=\"widget\" data-e-type=\"widget\" data-widget_type=\"text-editor.default\">\n\t\t\t\t<div class=\"elementor-widget-container\">\n\t\t\t\t\t\t\t\t\t<div data-id=\"7245df0\" data-element_type=\"container\"><div><div data-id=\"a3f44f1\" data-element_type=\"container\"><div><div data-id=\"5b4517a\" data-element_type=\"widget\" data-widget_type=\"text-editor.default\"><div><h3><span style=\"color: #333333;\">\u00bfQu\u00e9 tipos de cookies utiliza esta p\u00e1gina Web?<\/span><\/h3><p><span style=\"color: #333333;\"><strong><u>Cookies t\u00e9cnicas o necesarias<\/u><\/strong><\/span><\/p><figure class=\"wp-block-table\"><table><thead><tr><th><span style=\"color: #333333;\">Nombre<\/span><\/th><th><span style=\"color: #333333;\">Tipo<\/span><\/th><th><span style=\"color: #333333;\">Descripci\u00f3n<\/span><\/th><th><span style=\"color: #333333;\">Duraci\u00f3n<\/span><\/th><\/tr><\/thead><tbody><tr><td><span style=\"color: #333333;\">pll_language<\/span><\/td><td><span style=\"color: #333333;\">Cookie Propia<\/span><\/td><td><span style=\"color: #333333;\">Cookie utilizada para conocer el idioma de navegaci\u00f3n.<\/span><\/td><td><span style=\"color: #333333;\">1 a\u00f1o<\/span><\/td><\/tr><tr><td><span style=\"color: #333333;\">cmplz_policy_id<\/span><\/td><td><span style=\"color: #333333;\">Cookie Propia<\/span><\/td><td><span style=\"color: #333333;\">Almacenar el ID de la aceptaci\u00f3n de cookies.<\/span><\/td><td><span style=\"color: #333333;\">1 a\u00f1o<\/span><\/td><\/tr><tr><td><span style=\"color: #333333;\">cmplz_functional<\/span><\/td><td><span style=\"color: #333333;\">Cookie Propia<\/span><\/td><td><span style=\"color: #333333;\">Guardar preferencias de consentimiento de cookies.<\/span><\/td><td><span style=\"color: #333333;\">1 a\u00f1o<\/span><\/td><\/tr><tr><td><span style=\"color: #333333;\">cmplz_consented_services<\/span><\/td><td><span style=\"color: #333333;\">Cookie Propia<\/span><\/td><td><span style=\"color: #333333;\">Guarda el consentimiento expreso de la aceptaci\u00f3n de cookies.<\/span><\/td><td><span style=\"color: #333333;\">1 a\u00f1o<\/span><\/td><\/tr><tr><td><span style=\"color: #333333;\">cmplz_marketing<\/span><\/td><td><span style=\"color: #333333;\">Cookie Propia<\/span><\/td><td><span style=\"color: #333333;\">Guardar preferencias de consentimiento de cookies de marketing.<\/span><\/td><td><span style=\"color: #333333;\">1 a\u00f1o<\/span><\/td><\/tr><tr><td><span style=\"color: #333333;\">cmplz_statistics<\/span><\/td><td><span style=\"color: #333333;\">Cookie Propia<\/span><\/td><td><span style=\"color: #333333;\">Guardar preferencias de consentimiento de cookies estad\u00edsticas.<\/span><\/td><td><span style=\"color: #333333;\">1 a\u00f1o<\/span><\/td><\/tr><tr><td><span style=\"color: #333333;\">cmplz_preferences<\/span><\/td><td><span style=\"color: #333333;\">Cookie Propia<\/span><\/td><td><span style=\"color: #333333;\">Guardar preferencias de consentimiento de cookies.<\/span><\/td><td><span style=\"color: #333333;\">1 a\u00f1o<\/span><\/td><\/tr><tr><td><span style=\"color: #333333;\">cmplz_banner_status<\/span><\/td><td><span style=\"color: #333333;\">Cookie Propia<\/span><\/td><td><span style=\"color: #333333;\">Para almacenar informaci\u00f3n sobre si el banner de cookies ha sido rechazado.<\/span><\/td><td><span style=\"color: #333333;\">1 a\u00f1o<\/span><\/td><\/tr><\/tbody><\/table><\/figure><p><span style=\"color: #333333;\"><strong><u>Cookies anal\u00edticas<\/u><\/strong><\/span><\/p><figure class=\"wp-block-table\"><table><thead><tr><th><span style=\"color: #333333;\">Nombre<\/span><\/th><th><span style=\"color: #333333;\">Tipo<\/span><\/th><th><span style=\"color: #333333;\">Descripci\u00f3n<\/span><\/th><th><span style=\"color: #333333;\">Duraci\u00f3n<\/span><\/th><\/tr><\/thead><tbody><tr><td><span style=\"color: #333333;\">_ga<\/span><\/td><td><span style=\"color: #333333;\"><a style=\"color: #333333;\" href=\"https:\/\/developers.google.com\/analytics\/devguides\/collection\/analyticsjs\/cookie-usage?hl=es\" target=\"_blank\" rel=\"noreferrer noopener nofollow\">Cookie de terceros<\/a><\/span><\/td><td><span style=\"color: #333333;\">Se usa para distinguir a los usuarios.<\/span><\/td><td><span style=\"color: #333333;\">13 meses<\/span><\/td><\/tr><tr><td><span style=\"color: #333333;\">_ga_TGKK18SYQ8<\/span><\/td><td><span style=\"color: #333333;\"><a style=\"color: #333333;\" href=\"https:\/\/developers.google.com\/analytics\/devguides\/collection\/analyticsjs\/cookie-usage?hl=es\" target=\"_blank\" rel=\"noreferrer noopener nofollow\">Cookie de terceros<\/a><\/span><\/td><td><span style=\"color: #333333;\">Se usa para distinguir a los usuarios.<\/span><\/td><td><span style=\"color: #333333;\">13 meses<\/span><\/td><\/tr><\/tbody><\/table><\/figure><p><span style=\"color: #333333;\">Tenga en cuenta que, si acepta las cookies de terceros, deber\u00e1 eliminarlas desde las opciones del navegador o desde el sistema ofrecido por el propio tercero.<\/span><\/p><p><span style=\"color: #333333;\">Puedes informarte de las transferencias a terceros pa\u00edses que, en su caso, realizan los terceros identificados en esta pol\u00edtica de cookies en sus correspondientes pol\u00edticas (ver los enlaces facilitados en el apartado \u201cCookies de terceros\u201d).<\/span><\/p><p><span style=\"color: #333333;\">El Usuario acepta expresamente, por la utilizaci\u00f3n de esta p\u00e1gina Web, el tratamiento de la informaci\u00f3n recabada en la forma y con los fines anteriormente mencionados. Y asimismo reconoce conocer la posibilidad de rechazar el tratamiento de tales datos o informaci\u00f3n rechazando el uso de Cookies mediante la selecci\u00f3n de la configuraci\u00f3n apropiada a tal fin en su navegador. Si bien esta opci\u00f3n de bloqueo de Cookies en su navegador puede no permitirle el uso pleno de todas las funcionalidades del Website.<\/span><\/p><p><span style=\"color: #333333;\">Puede usted permitir, bloquear o eliminar las cookies instaladas en su equipo mediante la configuraci\u00f3n de las opciones del navegador instalado en su ordenador:<\/span><\/p><ul><li><span style=\"color: #333333;\"><a style=\"color: #333333;\" href=\"http:\/\/support.mozilla.org\/es\/kb\/cookies-informacion-que-los-sitios-web-guardan-en-\" target=\"_blank\" rel=\"noreferrer noopener nofollow\">Firefox<\/a><\/span><\/li><li><span style=\"color: #333333;\"><a style=\"color: #333333;\" href=\"http:\/\/support.google.com\/chrome\/bin\/answer.py?hl=es&amp;answer=95647\" target=\"_blank\" rel=\"noreferrer noopener nofollow\">Chrome<\/a><\/span><\/li><li><span style=\"color: #333333;\"><a style=\"color: #333333;\" href=\"https:\/\/settings\/content\/cookies\" target=\"_blank\" rel=\"noreferrer noopener nofollow\">Microsoft Edge<\/a><\/span><\/li><li><span style=\"color: #333333;\"><a style=\"color: #333333;\" href=\"http:\/\/support.apple.com\/kb\/PH5042?viewlocale*es_ES\" target=\"_blank\" rel=\"noreferrer noopener nofollow\">Safari<\/a><\/span><\/li><li><span style=\"color: #333333;\"><a style=\"color: #333333;\" href=\"https:\/\/www.opera.com\/es\/privacy\/cookies\" target=\"_blank\" rel=\"noreferrer noopener nofollow\">Opera<\/a><\/span><\/li><li><span style=\"color: #333333;\"><a style=\"color: #333333;\" href=\"https:\/\/tools.google.com\/dlpage\/gaoptout\" target=\"_blank\" rel=\"noreferrer noopener nofollow\">Complemento de inhabilitaci\u00f3n para navegadores de Google Analytics<\/a><\/span><\/li><\/ul><\/div><\/div><\/div><\/div><\/div><\/div>\t\t\t\t\t\t\t\t<\/div>\n\t\t\t\t<\/div>\n\t\t\t\t\t<\/div>\n\t\t\t\t<\/div>\n\t\t\t\t<\/div>","protected":false},"excerpt":{"rendered":"<p>Pol\u00edtica de cookies \u00bfQu\u00e9 tipos de cookies utiliza esta p\u00e1gina Web? Cookies t\u00e9cnicas o necesarias Nombre Tipo Descripci\u00f3n Duraci\u00f3n pll_language Cookie Propia Cookie utilizada para conocer el idioma de navegaci\u00f3n. 1 a\u00f1o cmplz_policy_id Cookie Propia Almacenar el ID de la aceptaci\u00f3n de cookies. 1 a\u00f1o cmplz_functional Cookie Propia Guardar preferencias de consentimiento de cookies. 1 a\u00f1o cmplz_consented_services Cookie Propia Guarda el consentimiento expreso de la aceptaci\u00f3n de cookies. 1 a\u00f1o cmplz_marketing Cookie Propia Guardar preferencias de consentimiento de cookies de marketing. 1 a\u00f1o cmplz_statistics Cookie Propia Guardar preferencias de consentimiento de cookies estad\u00edsticas. 1 a\u00f1o cmplz_preferences Cookie Propia Guardar preferencias de consentimiento de cookies. 1 a\u00f1o cmplz_banner_status Cookie Propia Para almacenar informaci\u00f3n sobre si el banner de cookies ha sido rechazado. 1 a\u00f1o Cookies anal\u00edticas Nombre Tipo Descripci\u00f3n Duraci\u00f3n _ga Cookie de terceros Se usa para distinguir a los usuarios. 13 meses _ga_TGKK18SYQ8 Cookie de terceros Se usa para distinguir a los usuarios. 13 meses Tenga en cuenta que, si acepta las cookies de terceros, deber\u00e1 eliminarlas desde las opciones del navegador o desde el sistema ofrecido por el propio tercero. Puedes informarte de las transferencias a terceros pa\u00edses que, en su caso, realizan los terceros identificados en esta pol\u00edtica de cookies en sus correspondientes pol\u00edticas (ver los enlaces facilitados en el apartado \u201cCookies de terceros\u201d). El Usuario acepta expresamente, por la utilizaci\u00f3n de esta p\u00e1gina Web, el tratamiento de la informaci\u00f3n recabada en la forma y con los fines anteriormente mencionados. Y asimismo reconoce conocer la posibilidad de rechazar el tratamiento de tales datos o informaci\u00f3n rechazando el uso de Cookies mediante la selecci\u00f3n de la configuraci\u00f3n apropiada a tal fin en su navegador. Si bien esta opci\u00f3n de bloqueo de Cookies en su navegador puede no permitirle el uso pleno de todas las funcionalidades del Website. Puede usted permitir, bloquear o eliminar las cookies instaladas en su equipo mediante la configuraci\u00f3n de las opciones del navegador instalado en su ordenador: Firefox Chrome Microsoft Edge Safari Opera Complemento de inhabilitaci\u00f3n para navegadores de Google Analytics<\/p>","protected":false},"author":1,"featured_media":0,"parent":0,"menu_order":0,"comment_status":"closed","ping_status":"closed","template":"","meta":{"footnotes":""},"class_list":["post-753","page","type-page","status-publish","hentry"],"yoast_head":"<!-- This site is optimized with the Yoast SEO plugin v27.1.1 - https:\/\/yoast.com\/product\/yoast-seo-wordpress\/ -->\n<title>Pol\u00edtica de cookies - Tarugu\u00edn<\/title>\n<meta name=\"robots\" content=\"index, follow, max-snippet:-1, max-image-preview:large, max-video-preview:-1\" \/>\n<link rel=\"canonical\" href=\"https:\/\/vinotaruguin.com\/en\/politica-de-cookies\/\" \/>\n<meta property=\"og:locale\" content=\"en_GB\" \/>\n<meta property=\"og:type\" content=\"article\" \/>\n<meta property=\"og:title\" content=\"Pol\u00edtica de cookies - Tarugu\u00edn\" \/>\n<meta property=\"og:description\" content=\"Pol\u00edtica de cookies \u00bfQu\u00e9 tipos de cookies utiliza esta p\u00e1gina Web? Cookies t\u00e9cnicas o necesarias Nombre Tipo Descripci\u00f3n Duraci\u00f3n pll_language Cookie Propia Cookie utilizada para conocer el idioma de navegaci\u00f3n. 1 a\u00f1o cmplz_policy_id Cookie Propia Almacenar el ID de la aceptaci\u00f3n de cookies. 1 a\u00f1o cmplz_functional Cookie Propia Guardar preferencias de consentimiento de cookies. 1 a\u00f1o cmplz_consented_services Cookie Propia Guarda el consentimiento expreso de la aceptaci\u00f3n de cookies. 1 a\u00f1o cmplz_marketing Cookie Propia Guardar preferencias de consentimiento de cookies de marketing. 1 a\u00f1o cmplz_statistics Cookie Propia Guardar preferencias de consentimiento de cookies estad\u00edsticas. 1 a\u00f1o cmplz_preferences Cookie Propia Guardar preferencias de consentimiento de cookies. 1 a\u00f1o cmplz_banner_status Cookie Propia Para almacenar informaci\u00f3n sobre si el banner de cookies ha sido rechazado. 1 a\u00f1o Cookies anal\u00edticas Nombre Tipo Descripci\u00f3n Duraci\u00f3n _ga Cookie de terceros Se usa para distinguir a los usuarios. 13 meses _ga_TGKK18SYQ8 Cookie de terceros Se usa para distinguir a los usuarios. 13 meses Tenga en cuenta que, si acepta las cookies de terceros, deber\u00e1 eliminarlas desde las opciones del navegador o desde el sistema ofrecido por el propio tercero. Puedes informarte de las transferencias a terceros pa\u00edses que, en su caso, realizan los terceros identificados en esta pol\u00edtica de cookies en sus correspondientes pol\u00edticas (ver los enlaces facilitados en el apartado \u201cCookies de terceros\u201d). El Usuario acepta expresamente, por la utilizaci\u00f3n de esta p\u00e1gina Web, el tratamiento de la informaci\u00f3n recabada en la forma y con los fines anteriormente mencionados. Y asimismo reconoce conocer la posibilidad de rechazar el tratamiento de tales datos o informaci\u00f3n rechazando el uso de Cookies mediante la selecci\u00f3n de la configuraci\u00f3n apropiada a tal fin en su navegador. Si bien esta opci\u00f3n de bloqueo de Cookies en su navegador puede no permitirle el uso pleno de todas las funcionalidades del Website. Puede usted permitir, bloquear o eliminar las cookies instaladas en su equipo mediante la configuraci\u00f3n de las opciones del navegador instalado en su ordenador: Firefox Chrome Microsoft Edge Safari Opera Complemento de inhabilitaci\u00f3n para navegadores de Google Analytics\" \/>\n<meta property=\"og:url\" content=\"https:\/\/vinotaruguin.com\/en\/politica-de-cookies\/\" \/>\n<meta property=\"og:site_name\" content=\"Tarugu\u00edn\" \/>\n<meta property=\"article:modified_time\" content=\"2024-07-25T12:25:16+00:00\" \/>\n<meta name=\"twitter:card\" content=\"summary_large_image\" \/>\n<meta name=\"twitter:label1\" content=\"Estimated reading time\" \/>\n\t<meta name=\"twitter:data1\" content=\"2 minutes\" \/>\n<script type=\"application\/ld+json\" class=\"yoast-schema-graph\">{\"@context\":\"https:\/\/schema.org\",\"@graph\":[{\"@type\":\"WebPage\",\"@id\":\"https:\/\/vinotaruguin.com\/politica-de-cookies\/\",\"url\":\"https:\/\/vinotaruguin.com\/politica-de-cookies\/\",\"name\":\"Pol\u00edtica de cookies - Tarugu\u00edn\",\"isPartOf\":{\"@id\":\"https:\/\/vinotaruguin.com\/#website\"},\"datePublished\":\"2024-07-25T12:24:26+00:00\",\"dateModified\":\"2024-07-25T12:25:16+00:00\",\"breadcrumb\":{\"@id\":\"https:\/\/vinotaruguin.com\/politica-de-cookies\/#breadcrumb\"},\"inLanguage\":\"en-GB\",\"potentialAction\":[{\"@type\":\"ReadAction\",\"target\":[\"https:\/\/vinotaruguin.com\/politica-de-cookies\/\"]}]},{\"@type\":\"BreadcrumbList\",\"@id\":\"https:\/\/vinotaruguin.com\/politica-de-cookies\/#breadcrumb\",\"itemListElement\":[{\"@type\":\"ListItem\",\"position\":1,\"name\":\"Portada\",\"item\":\"https:\/\/vinotaruguin.com\/\"},{\"@type\":\"ListItem\",\"position\":2,\"name\":\"Pol\u00edtica de cookies\"}]},{\"@type\":\"WebSite\",\"@id\":\"https:\/\/vinotaruguin.com\/#website\",\"url\":\"https:\/\/vinotaruguin.com\/\",\"name\":\"Tarugu\u00edn\",\"description\":\"Vino de San Esteban de Gormaz\",\"publisher\":{\"@id\":\"https:\/\/vinotaruguin.com\/#organization\"},\"potentialAction\":[{\"@type\":\"SearchAction\",\"target\":{\"@type\":\"EntryPoint\",\"urlTemplate\":\"https:\/\/vinotaruguin.com\/?s={search_term_string}\"},\"query-input\":{\"@type\":\"PropertyValueSpecification\",\"valueRequired\":true,\"valueName\":\"search_term_string\"}}],\"inLanguage\":\"en-GB\"},{\"@type\":\"Organization\",\"@id\":\"https:\/\/vinotaruguin.com\/#organization\",\"name\":\"Tarugu\u00edn\",\"url\":\"https:\/\/vinotaruguin.com\/\",\"logo\":{\"@type\":\"ImageObject\",\"inLanguage\":\"en-GB\",\"@id\":\"https:\/\/vinotaruguin.com\/#\/schema\/logo\/image\/\",\"url\":\"https:\/\/vinotaruguin.com\/wp-content\/uploads\/2024\/06\/logo-color-opt.png\",\"contentUrl\":\"https:\/\/vinotaruguin.com\/wp-content\/uploads\/2024\/06\/logo-color-opt.png\",\"width\":1373,\"height\":198,\"caption\":\"Tarugu\u00edn\"},\"image\":{\"@id\":\"https:\/\/vinotaruguin.com\/#\/schema\/logo\/image\/\"}}]}<\/script>\n<!-- \/ Yoast SEO plugin. -->","yoast_head_json":{"title":"Pol\u00edtica de cookies - Tarugu\u00edn","robots":{"index":"index","follow":"follow","max-snippet":"max-snippet:-1","max-image-preview":"max-image-preview:large","max-video-preview":"max-video-preview:-1"},"canonical":"https:\/\/vinotaruguin.com\/en\/politica-de-cookies\/","og_locale":"en_GB","og_type":"article","og_title":"Pol\u00edtica de cookies - Tarugu\u00edn","og_description":"Pol\u00edtica de cookies \u00bfQu\u00e9 tipos de cookies utiliza esta p\u00e1gina Web? Cookies t\u00e9cnicas o necesarias Nombre Tipo Descripci\u00f3n Duraci\u00f3n pll_language Cookie Propia Cookie utilizada para conocer el idioma de navegaci\u00f3n. 1 a\u00f1o cmplz_policy_id Cookie Propia Almacenar el ID de la aceptaci\u00f3n de cookies. 1 a\u00f1o cmplz_functional Cookie Propia Guardar preferencias de consentimiento de cookies. 1 a\u00f1o cmplz_consented_services Cookie Propia Guarda el consentimiento expreso de la aceptaci\u00f3n de cookies. 1 a\u00f1o cmplz_marketing Cookie Propia Guardar preferencias de consentimiento de cookies de marketing. 1 a\u00f1o cmplz_statistics Cookie Propia Guardar preferencias de consentimiento de cookies estad\u00edsticas. 1 a\u00f1o cmplz_preferences Cookie Propia Guardar preferencias de consentimiento de cookies. 1 a\u00f1o cmplz_banner_status Cookie Propia Para almacenar informaci\u00f3n sobre si el banner de cookies ha sido rechazado. 1 a\u00f1o Cookies anal\u00edticas Nombre Tipo Descripci\u00f3n Duraci\u00f3n _ga Cookie de terceros Se usa para distinguir a los usuarios. 13 meses _ga_TGKK18SYQ8 Cookie de terceros Se usa para distinguir a los usuarios. 13 meses Tenga en cuenta que, si acepta las cookies de terceros, deber\u00e1 eliminarlas desde las opciones del navegador o desde el sistema ofrecido por el propio tercero. Puedes informarte de las transferencias a terceros pa\u00edses que, en su caso, realizan los terceros identificados en esta pol\u00edtica de cookies en sus correspondientes pol\u00edticas (ver los enlaces facilitados en el apartado \u201cCookies de terceros\u201d). El Usuario acepta expresamente, por la utilizaci\u00f3n de esta p\u00e1gina Web, el tratamiento de la informaci\u00f3n recabada en la forma y con los fines anteriormente mencionados. Y asimismo reconoce conocer la posibilidad de rechazar el tratamiento de tales datos o informaci\u00f3n rechazando el uso de Cookies mediante la selecci\u00f3n de la configuraci\u00f3n apropiada a tal fin en su navegador. Si bien esta opci\u00f3n de bloqueo de Cookies en su navegador puede no permitirle el uso pleno de todas las funcionalidades del Website. Puede usted permitir, bloquear o eliminar las cookies instaladas en su equipo mediante la configuraci\u00f3n de las opciones del navegador instalado en su ordenador: Firefox Chrome Microsoft Edge Safari Opera Complemento de inhabilitaci\u00f3n para navegadores de Google Analytics","og_url":"https:\/\/vinotaruguin.com\/en\/politica-de-cookies\/","og_site_name":"Tarugu\u00edn","article_modified_time":"2024-07-25T12:25:16+00:00","twitter_card":"summary_large_image","twitter_misc":{"Estimated reading time":"2 minutes"},"schema":{"@context":"https:\/\/schema.org","@graph":[{"@type":"WebPage","@id":"https:\/\/vinotaruguin.com\/politica-de-cookies\/","url":"https:\/\/vinotaruguin.com\/politica-de-cookies\/","name":"Pol\u00edtica de cookies - Tarugu\u00edn","isPartOf":{"@id":"https:\/\/vinotaruguin.com\/#website"},"datePublished":"2024-07-25T12:24:26+00:00","dateModified":"2024-07-25T12:25:16+00:00","breadcrumb":{"@id":"https:\/\/vinotaruguin.com\/politica-de-cookies\/#breadcrumb"},"inLanguage":"en-GB","potentialAction":[{"@type":"ReadAction","target":["https:\/\/vinotaruguin.com\/politica-de-cookies\/"]}]},{"@type":"BreadcrumbList","@id":"https:\/\/vinotaruguin.com\/politica-de-cookies\/#breadcrumb","itemListElement":[{"@type":"ListItem","position":1,"name":"Portada","item":"https:\/\/vinotaruguin.com\/"},{"@type":"ListItem","position":2,"name":"Pol\u00edtica de cookies"}]},{"@type":"WebSite","@id":"https:\/\/vinotaruguin.com\/#website","url":"https:\/\/vinotaruguin.com\/","name":"Tarugu\u00edn","description":"Vino de San Esteban de Gormaz","publisher":{"@id":"https:\/\/vinotaruguin.com\/#organization"},"potentialAction":[{"@type":"SearchAction","target":{"@type":"EntryPoint","urlTemplate":"https:\/\/vinotaruguin.com\/?s={search_term_string}"},"query-input":{"@type":"PropertyValueSpecification","valueRequired":true,"valueName":"search_term_string"}}],"inLanguage":"en-GB"},{"@type":"Organization","@id":"https:\/\/vinotaruguin.com\/#organization","name":"Tarugu\u00edn","url":"https:\/\/vinotaruguin.com\/","logo":{"@type":"ImageObject","inLanguage":"en-GB","@id":"https:\/\/vinotaruguin.com\/#\/schema\/logo\/image\/","url":"https:\/\/vinotaruguin.com\/wp-content\/uploads\/2024\/06\/logo-color-opt.png","contentUrl":"https:\/\/vinotaruguin.com\/wp-content\/uploads\/2024\/06\/logo-color-opt.png","width":1373,"height":198,"caption":"Tarugu\u00edn"},"image":{"@id":"https:\/\/vinotaruguin.com\/#\/schema\/logo\/image\/"}}]}},"_links":{"self":[{"href":"https:\/\/vinotaruguin.com\/en\/wp-json\/wp\/v2\/pages\/753","targetHints":{"allow":["GET"]}}],"collection":[{"href":"https:\/\/vinotaruguin.com\/en\/wp-json\/wp\/v2\/pages"}],"about":[{"href":"https:\/\/vinotaruguin.com\/en\/wp-json\/wp\/v2\/types\/page"}],"author":[{"embeddable":true,"href":"https:\/\/vinotaruguin.com\/en\/wp-json\/wp\/v2\/users\/1"}],"replies":[{"embeddable":true,"href":"https:\/\/vinotaruguin.com\/en\/wp-json\/wp\/v2\/comments?post=753"}],"version-history":[{"count":4,"href":"https:\/\/vinotaruguin.com\/en\/wp-json\/wp\/v2\/pages\/753\/revisions"}],"predecessor-version":[{"id":758,"href":"https:\/\/vinotaruguin.com\/en\/wp-json\/wp\/v2\/pages\/753\/revisions\/758"}],"wp:attachment":[{"href":"https:\/\/vinotaruguin.com\/en\/wp-json\/wp\/v2\/media?parent=753"}],"curies":[{"name":"wp","href":"https:\/\/api.w.org\/{rel}","templated":true}]}}