{"id":699,"date":"2024-07-25T12:06:14","date_gmt":"2024-07-25T12:06:14","guid":{"rendered":"https:\/\/vinotaruguin.com\/?page_id=699"},"modified":"2024-07-25T12:21:14","modified_gmt":"2024-07-25T12:21:14","slug":"declaracion-de-accesibilidad","status":"publish","type":"page","link":"https:\/\/vinotaruguin.com\/en\/declaracion-de-accesibilidad\/","title":{"rendered":"Accessibility"},"content":{"rendered":"\t\t<div data-elementor-type=\"wp-page\" data-elementor-id=\"699\" class=\"elementor elementor-699\">\n\t\t\t\t\t\t<section class=\"elementor-section elementor-top-section elementor-element elementor-element-6a9afdb7 elementor-section-content-bottom elementor-section-boxed elementor-section-height-default elementor-section-height-default\" data-id=\"6a9afdb7\" data-element_type=\"section\" data-e-type=\"section\" data-settings=\"{&quot;background_background&quot;:&quot;classic&quot;}\">\n\t\t\t\t\t\t\t<div class=\"elementor-background-overlay\"><\/div>\n\t\t\t\t\t\t\t<div class=\"elementor-container elementor-column-gap-default\">\n\t\t\t\t\t<div class=\"elementor-column elementor-col-100 elementor-top-column elementor-element elementor-element-6c2c2d67\" data-id=\"6c2c2d67\" data-element_type=\"column\" data-e-type=\"column\">\n\t\t\t<div class=\"elementor-widget-wrap elementor-element-populated\">\n\t\t\t\t\t\t<div class=\"elementor-element elementor-element-4cc61721 elementor-widget elementor-widget-heading\" data-id=\"4cc61721\" data-element_type=\"widget\" data-e-type=\"widget\" data-widget_type=\"heading.default\">\n\t\t\t\t<div class=\"elementor-widget-container\">\n\t\t\t\t\t<h1 class=\"elementor-heading-title elementor-size-default\">Declaraci\u00f3n de accesibilidad<\/h1>\t\t\t\t<\/div>\n\t\t\t\t<\/div>\n\t\t\t\t\t<\/div>\n\t\t<\/div>\n\t\t\t\t\t<\/div>\n\t\t<\/section>\n\t\t<div class=\"elementor-element elementor-element-f100651 e-flex e-con-boxed e-con e-parent\" data-id=\"f100651\" data-element_type=\"container\" data-e-type=\"container\">\n\t\t\t\t\t<div class=\"e-con-inner\">\n\t\t\t\t<div class=\"elementor-element elementor-element-3ec1abf elementor-widget elementor-widget-text-editor\" data-id=\"3ec1abf\" data-element_type=\"widget\" data-e-type=\"widget\" data-widget_type=\"text-editor.default\">\n\t\t\t\t<div class=\"elementor-widget-container\">\n\t\t\t\t\t\t\t\t\t<div data-id=\"7245df0\" data-element_type=\"container\"><div><div data-id=\"a3f44f1\" data-element_type=\"container\"><div><div data-id=\"5b4517a\" data-element_type=\"widget\" data-widget_type=\"text-editor.default\"><div><p>La presente declaraci\u00f3n de accesibilidad se aplica este sitio web: \u00a0<\/p><h2>SITUACI\u00d3N DE CUMPLIMIENTO<\/h2><p>Este sitio web es parcialmente conforme con el RD 1112\/2018 debido a las excepciones y a la falta de conformidad de los aspectos que se indican en el siguiente punto.<\/p><h3>CONTENIDO NO ACCESIBLE<\/h3><p>El contenido que se recoge a continuaci\u00f3n no es accesible por lo siguiente:<br \/>\u2022 Falta de conformidad con el RD 1112\/2018<\/p><p>Podr\u00edan existir algunos aspectos de contraste que no cumplan los m\u00ednimos exigidos, 3:1, con respecto a los colores adyacentes del fondo de la secci\u00f3n de la web en cuesti\u00f3n. [9.1.4.11 Contraste no textual]<br \/>Podr\u00edan existir algunas etiquetas o instrucciones no etiquetadas correctamente [9.3.3.2 Etiquetas o instrucciones] <br \/>Podr\u00edan existir mensajes de estado que no cumplan con los m\u00ednimos exigidos [9.4.1.3 Mensajes de estado]<br \/>Podr\u00edan existir sugerencias ante errores que no cumplan con los m\u00ednimos exigidos [9.3.3.3 Sugerencias ante errores (condicional)]<br \/>Podr\u00edan existir fallos en la navegaci\u00f3n secuencial por la p\u00e1gina web afectando a su significado o su operaci\u00f3n [9.2.4.3 Orden del foco]<br \/>\u2022 Podr\u00edan existir fallos puntuales de edici\u00f3n en alguna p\u00e1gina web<br \/>Carga desproporcionada<br \/>No aplica.\u00a0<\/p><h3>PREPARACI\u00d3N DE LA SIGUIENTE DECLARACI\u00d3N DE ACCESIBILIDAD<\/h3><p>El m\u00e9todo empleado para preparar la declaraci\u00f3n ha sido una autoevaluaci\u00f3n llevada a cabo por la propia empresa.\u00a0<\/p><h3>OBSERVACIONES Y DATOS DE CONTACTO<\/h3><p>Puede realizar comunicaciones sobre requisitos de accesibilidad (art\u00edculo 10.2.a del RD 1112\/2018) como, por ejemplo:<br \/>\u2022 Informar sobre cualquier posible incumplimiento por parte de este sitio web<br \/>\u2022 Transmitir otras dificultades de acceso al contenido<br \/>\u2022 Formular cualquier otra consulta o sugerencia de mejora relativa a la accesibilidad del sitio web<\/p><p>A trav\u00e9s del email de contacto puede presentar:<br \/>\u2022 Queja\u00a0relativa al cumplimiento de los requisitos del RD 1112\/2018 o<br \/>\u2022 Solicitud de Informaci\u00f3n accesible\u00a0relativa a:<br \/>Contenidos\u00a0que est\u00e1n\u00a0excluidos\u00a0del\u00a0\u00e1mbito de aplicaci\u00f3n\u00a0del RD 1112\/2018 seg\u00fan lo establecido por el art\u00edculo 3, apartado 4<br \/>Contenidos\u00a0que est\u00e1n\u00a0exentos\u00a0del\u00a0cumplimiento\u00a0de los requisitos de accesibilidad por imponer una\u00a0carga desproporcionada.<br \/>En la Solicitud de informaci\u00f3n accesible, se debe concretar, con toda claridad, los hechos, razones y petici\u00f3n que permitan constatar que se trata de una solicitud razonable y leg\u00edtima.<br \/>Las quejas y reclamaciones sobre informaci\u00f3n accesible se realizar\u00e1n a trav\u00e9s del email de contacto.<\/p><h3>PROCEDIMIENTO DE APLICACI\u00d3N<\/h3><p>Si una vez realizada una solicitud de informaci\u00f3n accesible o queja, \u00e9sta hubiera sido desestimada, no se estuviera de acuerdo con la decisi\u00f3n adoptada, o la respuesta no cumpliera los requisitos contemplados en el art\u00edculo 12.5, la persona interesada podr\u00e1 iniciar una reclamaci\u00f3n. Igualmente se podr\u00e1 iniciar una reclamaci\u00f3n en el caso de que haya transcurrido el plazo de veinte d\u00edas h\u00e1biles sin haber obtenido respuesta. \u00a0<\/p><\/div><\/div><\/div><\/div><\/div><\/div>\t\t\t\t\t\t\t\t<\/div>\n\t\t\t\t<\/div>\n\t\t\t\t\t<\/div>\n\t\t\t\t<\/div>\n\t\t\t\t<\/div>\n\t\t","protected":false},"excerpt":{"rendered":"<p>Declaraci\u00f3n de accesibilidad La presente declaraci\u00f3n de accesibilidad se aplica este sitio web: \u00a0 SITUACI\u00d3N DE CUMPLIMIENTO Este sitio web es parcialmente conforme con el RD 1112\/2018 debido a las excepciones y a la falta de conformidad de los aspectos que se indican en el siguiente punto. CONTENIDO NO ACCESIBLE El contenido que se recoge a continuaci\u00f3n no es accesible por lo siguiente:\u2022 Falta de conformidad con el RD 1112\/2018 Podr\u00edan existir algunos aspectos de contraste que no cumplan los m\u00ednimos exigidos, 3:1, con respecto a los colores adyacentes del fondo de la secci\u00f3n de la web en cuesti\u00f3n. [9.1.4.11 Contraste no textual]Podr\u00edan existir algunas etiquetas o instrucciones no etiquetadas correctamente [9.3.3.2 Etiquetas o instrucciones] Podr\u00edan existir mensajes de estado que no cumplan con los m\u00ednimos exigidos [9.4.1.3 Mensajes de estado]Podr\u00edan existir sugerencias ante errores que no cumplan con los m\u00ednimos exigidos [9.3.3.3 Sugerencias ante errores (condicional)]Podr\u00edan existir fallos en la navegaci\u00f3n secuencial por la p\u00e1gina web afectando a su significado o su operaci\u00f3n [9.2.4.3 Orden del foco]\u2022 Podr\u00edan existir fallos puntuales de edici\u00f3n en alguna p\u00e1gina webCarga desproporcionadaNo aplica.\u00a0 PREPARACI\u00d3N DE LA SIGUIENTE DECLARACI\u00d3N DE ACCESIBILIDAD El m\u00e9todo empleado para preparar la declaraci\u00f3n ha sido una autoevaluaci\u00f3n llevada a cabo por la propia empresa.\u00a0 OBSERVACIONES Y DATOS DE CONTACTO Puede realizar comunicaciones sobre requisitos de accesibilidad (art\u00edculo 10.2.a del RD 1112\/2018) como, por ejemplo:\u2022 Informar sobre cualquier posible incumplimiento por parte de este sitio web\u2022 Transmitir otras dificultades de acceso al contenido\u2022 Formular cualquier otra consulta o sugerencia de mejora relativa a la accesibilidad del sitio web A trav\u00e9s del email de contacto puede presentar:\u2022 Queja\u00a0relativa al cumplimiento de los requisitos del RD 1112\/2018 o\u2022 Solicitud de Informaci\u00f3n accesible\u00a0relativa a:Contenidos\u00a0que est\u00e1n\u00a0excluidos\u00a0del\u00a0\u00e1mbito de aplicaci\u00f3n\u00a0del RD 1112\/2018 seg\u00fan lo establecido por el art\u00edculo 3, apartado 4Contenidos\u00a0que est\u00e1n\u00a0exentos\u00a0del\u00a0cumplimiento\u00a0de los requisitos de accesibilidad por imponer una\u00a0carga desproporcionada.En la Solicitud de informaci\u00f3n accesible, se debe concretar, con toda claridad, los hechos, razones y petici\u00f3n que permitan constatar que se trata de una solicitud razonable y leg\u00edtima.Las quejas y reclamaciones sobre informaci\u00f3n accesible se realizar\u00e1n a trav\u00e9s del email de contacto. PROCEDIMIENTO DE APLICACI\u00d3N Si una vez realizada una solicitud de informaci\u00f3n accesible o queja, \u00e9sta hubiera sido desestimada, no se estuviera de acuerdo con la decisi\u00f3n adoptada, o la respuesta no cumpliera los requisitos contemplados en el art\u00edculo 12.5, la persona interesada podr\u00e1 iniciar una reclamaci\u00f3n. Igualmente se podr\u00e1 iniciar una reclamaci\u00f3n en el caso de que haya transcurrido el plazo de veinte d\u00edas h\u00e1biles sin haber obtenido respuesta. \u00a0<\/p>\n","protected":false},"author":1,"featured_media":0,"parent":0,"menu_order":0,"comment_status":"closed","ping_status":"closed","template":"","meta":{"footnotes":""},"class_list":["post-699","page","type-page","status-publish","hentry"],"yoast_head":"<!-- This site is optimized with the Yoast SEO plugin v27.1.1 - https:\/\/yoast.com\/product\/yoast-seo-wordpress\/ -->\n<title>Declaraci\u00f3n de accesibilidad - Tarugu\u00edn<\/title>\n<meta name=\"robots\" content=\"index, follow, max-snippet:-1, max-image-preview:large, max-video-preview:-1\" \/>\n<link rel=\"canonical\" href=\"https:\/\/vinotaruguin.com\/en\/declaracion-de-accesibilidad\/\" \/>\n<meta property=\"og:locale\" content=\"en_GB\" \/>\n<meta property=\"og:type\" content=\"article\" \/>\n<meta property=\"og:title\" content=\"Declaraci\u00f3n de accesibilidad - Tarugu\u00edn\" \/>\n<meta property=\"og:description\" content=\"Declaraci\u00f3n de accesibilidad La presente declaraci\u00f3n de accesibilidad se aplica este sitio web: \u00a0 SITUACI\u00d3N DE CUMPLIMIENTO Este sitio web es parcialmente conforme con el RD 1112\/2018 debido a las excepciones y a la falta de conformidad de los aspectos que se indican en el siguiente punto. CONTENIDO NO ACCESIBLE El contenido que se recoge a continuaci\u00f3n no es accesible por lo siguiente:\u2022 Falta de conformidad con el RD 1112\/2018 Podr\u00edan existir algunos aspectos de contraste que no cumplan los m\u00ednimos exigidos, 3:1, con respecto a los colores adyacentes del fondo de la secci\u00f3n de la web en cuesti\u00f3n. [9.1.4.11 Contraste no textual]Podr\u00edan existir algunas etiquetas o instrucciones no etiquetadas correctamente [9.3.3.2 Etiquetas o instrucciones] Podr\u00edan existir mensajes de estado que no cumplan con los m\u00ednimos exigidos [9.4.1.3 Mensajes de estado]Podr\u00edan existir sugerencias ante errores que no cumplan con los m\u00ednimos exigidos [9.3.3.3 Sugerencias ante errores (condicional)]Podr\u00edan existir fallos en la navegaci\u00f3n secuencial por la p\u00e1gina web afectando a su significado o su operaci\u00f3n [9.2.4.3 Orden del foco]\u2022 Podr\u00edan existir fallos puntuales de edici\u00f3n en alguna p\u00e1gina webCarga desproporcionadaNo aplica.\u00a0 PREPARACI\u00d3N DE LA SIGUIENTE DECLARACI\u00d3N DE ACCESIBILIDAD El m\u00e9todo empleado para preparar la declaraci\u00f3n ha sido una autoevaluaci\u00f3n llevada a cabo por la propia empresa.\u00a0 OBSERVACIONES Y DATOS DE CONTACTO Puede realizar comunicaciones sobre requisitos de accesibilidad (art\u00edculo 10.2.a del RD 1112\/2018) como, por ejemplo:\u2022 Informar sobre cualquier posible incumplimiento por parte de este sitio web\u2022 Transmitir otras dificultades de acceso al contenido\u2022 Formular cualquier otra consulta o sugerencia de mejora relativa a la accesibilidad del sitio web A trav\u00e9s del email de contacto puede presentar:\u2022 Queja\u00a0relativa al cumplimiento de los requisitos del RD 1112\/2018 o\u2022 Solicitud de Informaci\u00f3n accesible\u00a0relativa a:Contenidos\u00a0que est\u00e1n\u00a0excluidos\u00a0del\u00a0\u00e1mbito de aplicaci\u00f3n\u00a0del RD 1112\/2018 seg\u00fan lo establecido por el art\u00edculo 3, apartado 4Contenidos\u00a0que est\u00e1n\u00a0exentos\u00a0del\u00a0cumplimiento\u00a0de los requisitos de accesibilidad por imponer una\u00a0carga desproporcionada.En la Solicitud de informaci\u00f3n accesible, se debe concretar, con toda claridad, los hechos, razones y petici\u00f3n que permitan constatar que se trata de una solicitud razonable y leg\u00edtima.Las quejas y reclamaciones sobre informaci\u00f3n accesible se realizar\u00e1n a trav\u00e9s del email de contacto. PROCEDIMIENTO DE APLICACI\u00d3N Si una vez realizada una solicitud de informaci\u00f3n accesible o queja, \u00e9sta hubiera sido desestimada, no se estuviera de acuerdo con la decisi\u00f3n adoptada, o la respuesta no cumpliera los requisitos contemplados en el art\u00edculo 12.5, la persona interesada podr\u00e1 iniciar una reclamaci\u00f3n. Igualmente se podr\u00e1 iniciar una reclamaci\u00f3n en el caso de que haya transcurrido el plazo de veinte d\u00edas h\u00e1biles sin haber obtenido respuesta. \u00a0\" \/>\n<meta property=\"og:url\" content=\"https:\/\/vinotaruguin.com\/en\/declaracion-de-accesibilidad\/\" \/>\n<meta property=\"og:site_name\" content=\"Tarugu\u00edn\" \/>\n<meta property=\"article:modified_time\" content=\"2024-07-25T12:21:14+00:00\" \/>\n<meta name=\"twitter:card\" content=\"summary_large_image\" \/>\n<meta name=\"twitter:label1\" content=\"Estimated reading time\" \/>\n\t<meta name=\"twitter:data1\" content=\"2 minutes\" \/>\n<script type=\"application\/ld+json\" class=\"yoast-schema-graph\">{\"@context\":\"https:\/\/schema.org\",\"@graph\":[{\"@type\":\"WebPage\",\"@id\":\"https:\/\/vinotaruguin.com\/declaracion-de-accesibilidad\/\",\"url\":\"https:\/\/vinotaruguin.com\/declaracion-de-accesibilidad\/\",\"name\":\"Declaraci\u00f3n de accesibilidad - Tarugu\u00edn\",\"isPartOf\":{\"@id\":\"https:\/\/vinotaruguin.com\/#website\"},\"datePublished\":\"2024-07-25T12:06:14+00:00\",\"dateModified\":\"2024-07-25T12:21:14+00:00\",\"breadcrumb\":{\"@id\":\"https:\/\/vinotaruguin.com\/declaracion-de-accesibilidad\/#breadcrumb\"},\"inLanguage\":\"en-GB\",\"potentialAction\":[{\"@type\":\"ReadAction\",\"target\":[\"https:\/\/vinotaruguin.com\/declaracion-de-accesibilidad\/\"]}]},{\"@type\":\"BreadcrumbList\",\"@id\":\"https:\/\/vinotaruguin.com\/declaracion-de-accesibilidad\/#breadcrumb\",\"itemListElement\":[{\"@type\":\"ListItem\",\"position\":1,\"name\":\"Portada\",\"item\":\"https:\/\/vinotaruguin.com\/\"},{\"@type\":\"ListItem\",\"position\":2,\"name\":\"Declaraci\u00f3n de accesibilidad\"}]},{\"@type\":\"WebSite\",\"@id\":\"https:\/\/vinotaruguin.com\/#website\",\"url\":\"https:\/\/vinotaruguin.com\/\",\"name\":\"Tarugu\u00edn\",\"description\":\"Vino de San Esteban de Gormaz\",\"publisher\":{\"@id\":\"https:\/\/vinotaruguin.com\/#organization\"},\"potentialAction\":[{\"@type\":\"SearchAction\",\"target\":{\"@type\":\"EntryPoint\",\"urlTemplate\":\"https:\/\/vinotaruguin.com\/?s={search_term_string}\"},\"query-input\":{\"@type\":\"PropertyValueSpecification\",\"valueRequired\":true,\"valueName\":\"search_term_string\"}}],\"inLanguage\":\"en-GB\"},{\"@type\":\"Organization\",\"@id\":\"https:\/\/vinotaruguin.com\/#organization\",\"name\":\"Tarugu\u00edn\",\"url\":\"https:\/\/vinotaruguin.com\/\",\"logo\":{\"@type\":\"ImageObject\",\"inLanguage\":\"en-GB\",\"@id\":\"https:\/\/vinotaruguin.com\/#\/schema\/logo\/image\/\",\"url\":\"https:\/\/vinotaruguin.com\/wp-content\/uploads\/2024\/06\/logo-color-opt.png\",\"contentUrl\":\"https:\/\/vinotaruguin.com\/wp-content\/uploads\/2024\/06\/logo-color-opt.png\",\"width\":1373,\"height\":198,\"caption\":\"Tarugu\u00edn\"},\"image\":{\"@id\":\"https:\/\/vinotaruguin.com\/#\/schema\/logo\/image\/\"}}]}<\/script>\n<!-- \/ Yoast SEO plugin. -->","yoast_head_json":{"title":"Declaraci\u00f3n de accesibilidad - Tarugu\u00edn","robots":{"index":"index","follow":"follow","max-snippet":"max-snippet:-1","max-image-preview":"max-image-preview:large","max-video-preview":"max-video-preview:-1"},"canonical":"https:\/\/vinotaruguin.com\/en\/declaracion-de-accesibilidad\/","og_locale":"en_GB","og_type":"article","og_title":"Declaraci\u00f3n de accesibilidad - Tarugu\u00edn","og_description":"Declaraci\u00f3n de accesibilidad La presente declaraci\u00f3n de accesibilidad se aplica este sitio web: \u00a0 SITUACI\u00d3N DE CUMPLIMIENTO Este sitio web es parcialmente conforme con el RD 1112\/2018 debido a las excepciones y a la falta de conformidad de los aspectos que se indican en el siguiente punto. CONTENIDO NO ACCESIBLE El contenido que se recoge a continuaci\u00f3n no es accesible por lo siguiente:\u2022 Falta de conformidad con el RD 1112\/2018 Podr\u00edan existir algunos aspectos de contraste que no cumplan los m\u00ednimos exigidos, 3:1, con respecto a los colores adyacentes del fondo de la secci\u00f3n de la web en cuesti\u00f3n. [9.1.4.11 Contraste no textual]Podr\u00edan existir algunas etiquetas o instrucciones no etiquetadas correctamente [9.3.3.2 Etiquetas o instrucciones] Podr\u00edan existir mensajes de estado que no cumplan con los m\u00ednimos exigidos [9.4.1.3 Mensajes de estado]Podr\u00edan existir sugerencias ante errores que no cumplan con los m\u00ednimos exigidos [9.3.3.3 Sugerencias ante errores (condicional)]Podr\u00edan existir fallos en la navegaci\u00f3n secuencial por la p\u00e1gina web afectando a su significado o su operaci\u00f3n [9.2.4.3 Orden del foco]\u2022 Podr\u00edan existir fallos puntuales de edici\u00f3n en alguna p\u00e1gina webCarga desproporcionadaNo aplica.\u00a0 PREPARACI\u00d3N DE LA SIGUIENTE DECLARACI\u00d3N DE ACCESIBILIDAD El m\u00e9todo empleado para preparar la declaraci\u00f3n ha sido una autoevaluaci\u00f3n llevada a cabo por la propia empresa.\u00a0 OBSERVACIONES Y DATOS DE CONTACTO Puede realizar comunicaciones sobre requisitos de accesibilidad (art\u00edculo 10.2.a del RD 1112\/2018) como, por ejemplo:\u2022 Informar sobre cualquier posible incumplimiento por parte de este sitio web\u2022 Transmitir otras dificultades de acceso al contenido\u2022 Formular cualquier otra consulta o sugerencia de mejora relativa a la accesibilidad del sitio web A trav\u00e9s del email de contacto puede presentar:\u2022 Queja\u00a0relativa al cumplimiento de los requisitos del RD 1112\/2018 o\u2022 Solicitud de Informaci\u00f3n accesible\u00a0relativa a:Contenidos\u00a0que est\u00e1n\u00a0excluidos\u00a0del\u00a0\u00e1mbito de aplicaci\u00f3n\u00a0del RD 1112\/2018 seg\u00fan lo establecido por el art\u00edculo 3, apartado 4Contenidos\u00a0que est\u00e1n\u00a0exentos\u00a0del\u00a0cumplimiento\u00a0de los requisitos de accesibilidad por imponer una\u00a0carga desproporcionada.En la Solicitud de informaci\u00f3n accesible, se debe concretar, con toda claridad, los hechos, razones y petici\u00f3n que permitan constatar que se trata de una solicitud razonable y leg\u00edtima.Las quejas y reclamaciones sobre informaci\u00f3n accesible se realizar\u00e1n a trav\u00e9s del email de contacto. PROCEDIMIENTO DE APLICACI\u00d3N Si una vez realizada una solicitud de informaci\u00f3n accesible o queja, \u00e9sta hubiera sido desestimada, no se estuviera de acuerdo con la decisi\u00f3n adoptada, o la respuesta no cumpliera los requisitos contemplados en el art\u00edculo 12.5, la persona interesada podr\u00e1 iniciar una reclamaci\u00f3n. Igualmente se podr\u00e1 iniciar una reclamaci\u00f3n en el caso de que haya transcurrido el plazo de veinte d\u00edas h\u00e1biles sin haber obtenido respuesta. \u00a0","og_url":"https:\/\/vinotaruguin.com\/en\/declaracion-de-accesibilidad\/","og_site_name":"Tarugu\u00edn","article_modified_time":"2024-07-25T12:21:14+00:00","twitter_card":"summary_large_image","twitter_misc":{"Estimated reading time":"2 minutes"},"schema":{"@context":"https:\/\/schema.org","@graph":[{"@type":"WebPage","@id":"https:\/\/vinotaruguin.com\/declaracion-de-accesibilidad\/","url":"https:\/\/vinotaruguin.com\/declaracion-de-accesibilidad\/","name":"Declaraci\u00f3n de accesibilidad - Tarugu\u00edn","isPartOf":{"@id":"https:\/\/vinotaruguin.com\/#website"},"datePublished":"2024-07-25T12:06:14+00:00","dateModified":"2024-07-25T12:21:14+00:00","breadcrumb":{"@id":"https:\/\/vinotaruguin.com\/declaracion-de-accesibilidad\/#breadcrumb"},"inLanguage":"en-GB","potentialAction":[{"@type":"ReadAction","target":["https:\/\/vinotaruguin.com\/declaracion-de-accesibilidad\/"]}]},{"@type":"BreadcrumbList","@id":"https:\/\/vinotaruguin.com\/declaracion-de-accesibilidad\/#breadcrumb","itemListElement":[{"@type":"ListItem","position":1,"name":"Portada","item":"https:\/\/vinotaruguin.com\/"},{"@type":"ListItem","position":2,"name":"Declaraci\u00f3n de accesibilidad"}]},{"@type":"WebSite","@id":"https:\/\/vinotaruguin.com\/#website","url":"https:\/\/vinotaruguin.com\/","name":"Tarugu\u00edn","description":"Vino de San Esteban de Gormaz","publisher":{"@id":"https:\/\/vinotaruguin.com\/#organization"},"potentialAction":[{"@type":"SearchAction","target":{"@type":"EntryPoint","urlTemplate":"https:\/\/vinotaruguin.com\/?s={search_term_string}"},"query-input":{"@type":"PropertyValueSpecification","valueRequired":true,"valueName":"search_term_string"}}],"inLanguage":"en-GB"},{"@type":"Organization","@id":"https:\/\/vinotaruguin.com\/#organization","name":"Tarugu\u00edn","url":"https:\/\/vinotaruguin.com\/","logo":{"@type":"ImageObject","inLanguage":"en-GB","@id":"https:\/\/vinotaruguin.com\/#\/schema\/logo\/image\/","url":"https:\/\/vinotaruguin.com\/wp-content\/uploads\/2024\/06\/logo-color-opt.png","contentUrl":"https:\/\/vinotaruguin.com\/wp-content\/uploads\/2024\/06\/logo-color-opt.png","width":1373,"height":198,"caption":"Tarugu\u00edn"},"image":{"@id":"https:\/\/vinotaruguin.com\/#\/schema\/logo\/image\/"}}]}},"_links":{"self":[{"href":"https:\/\/vinotaruguin.com\/en\/wp-json\/wp\/v2\/pages\/699","targetHints":{"allow":["GET"]}}],"collection":[{"href":"https:\/\/vinotaruguin.com\/en\/wp-json\/wp\/v2\/pages"}],"about":[{"href":"https:\/\/vinotaruguin.com\/en\/wp-json\/wp\/v2\/types\/page"}],"author":[{"embeddable":true,"href":"https:\/\/vinotaruguin.com\/en\/wp-json\/wp\/v2\/users\/1"}],"replies":[{"embeddable":true,"href":"https:\/\/vinotaruguin.com\/en\/wp-json\/wp\/v2\/comments?post=699"}],"version-history":[{"count":19,"href":"https:\/\/vinotaruguin.com\/en\/wp-json\/wp\/v2\/pages\/699\/revisions"}],"predecessor-version":[{"id":740,"href":"https:\/\/vinotaruguin.com\/en\/wp-json\/wp\/v2\/pages\/699\/revisions\/740"}],"wp:attachment":[{"href":"https:\/\/vinotaruguin.com\/en\/wp-json\/wp\/v2\/media?parent=699"}],"curies":[{"name":"wp","href":"https:\/\/api.w.org\/{rel}","templated":true}]}}