{"id":1213,"date":"2024-08-21T10:58:27","date_gmt":"2024-08-21T10:58:27","guid":{"rendered":"https:\/\/vinotaruguin.com\/?page_id=1213"},"modified":"2025-03-25T12:25:47","modified_gmt":"2025-03-25T12:25:47","slug":"conocenos","status":"publish","type":"page","link":"https:\/\/vinotaruguin.com\/en\/conocenos\/","title":{"rendered":"About us"},"content":{"rendered":"<div data-elementor-type=\"wp-page\" data-elementor-id=\"1213\" class=\"elementor elementor-1213\">\n\t\t\t\t\t\t<section class=\"elementor-section elementor-top-section elementor-element elementor-element-66d97432 elementor-section-content-bottom elementor-section-boxed elementor-section-height-default elementor-section-height-default\" data-id=\"66d97432\" data-element_type=\"section\" data-e-type=\"section\" data-settings=\"{&quot;background_background&quot;:&quot;classic&quot;}\">\n\t\t\t\t\t\t\t<div class=\"elementor-background-overlay\"><\/div>\n\t\t\t\t\t\t\t<div class=\"elementor-container elementor-column-gap-default\">\n\t\t\t\t\t<div class=\"elementor-column elementor-col-100 elementor-top-column elementor-element elementor-element-7be0f3bf\" data-id=\"7be0f3bf\" data-element_type=\"column\" data-e-type=\"column\">\n\t\t\t<div class=\"elementor-widget-wrap elementor-element-populated\">\n\t\t\t\t\t\t<div class=\"elementor-element elementor-element-24c38b61 elementor-widget elementor-widget-heading\" data-id=\"24c38b61\" data-element_type=\"widget\" data-e-type=\"widget\" data-widget_type=\"heading.default\">\n\t\t\t\t<div class=\"elementor-widget-container\">\n\t\t\t\t\t<h2 class=\"elementor-heading-title elementor-size-default\">ABOUT US<\/h2>\t\t\t\t<\/div>\n\t\t\t\t<\/div>\n\t\t\t\t<div class=\"elementor-element elementor-element-6a9e1c6 elementor-widget elementor-widget-text-editor\" data-id=\"6a9e1c6\" data-element_type=\"widget\" data-e-type=\"widget\" data-widget_type=\"text-editor.default\">\n\t\t\t\t<div class=\"elementor-widget-container\">\n\t\t\t\t\t\t\t\t\t<p><span style=\"color: #ffffff;\"><a style=\"color: #ffffff;\" href=\"https:\/\/vinotaruguin.com\/en\/\">Home<\/a> <\/span>\/ <span style=\"color: #999999;\">About us<\/span><\/p>\t\t\t\t\t\t\t\t<\/div>\n\t\t\t\t<\/div>\n\t\t\t\t\t<\/div>\n\t\t<\/div>\n\t\t\t\t\t<\/div>\n\t\t<\/section>\n\t\t<div class=\"elementor-element elementor-element-2e8e856 e-flex e-con-boxed e-con e-parent\" data-id=\"2e8e856\" data-element_type=\"container\" data-e-type=\"container\" data-settings=\"{&quot;background_background&quot;:&quot;classic&quot;}\">\n\t\t\t\t\t<div class=\"e-con-inner\">\n\t\t<div class=\"elementor-element elementor-element-9c67f15 e-con-full e-flex e-con e-child\" data-id=\"9c67f15\" data-element_type=\"container\" data-e-type=\"container\">\n\t\t\t\t<\/div>\n\t\t<div class=\"elementor-element elementor-element-1309fc7 e-con-full e-flex e-con e-child\" data-id=\"1309fc7\" data-element_type=\"container\" data-e-type=\"container\">\n\t\t\t\t<div class=\"elementor-element elementor-element-db8cd2b elementor-widget elementor-widget-heading\" data-id=\"db8cd2b\" data-element_type=\"widget\" data-e-type=\"widget\" data-widget_type=\"heading.default\">\n\t\t\t\t<div class=\"elementor-widget-container\">\n\t\t\t\t\t<h2 class=\"elementor-heading-title elementor-size-default\">Discover the story...<\/h2>\t\t\t\t<\/div>\n\t\t\t\t<\/div>\n\t\t\t\t<div class=\"elementor-element elementor-element-a54d874 elementor-widget elementor-widget-heading\" data-id=\"a54d874\" data-element_type=\"widget\" data-e-type=\"widget\" data-widget_type=\"heading.default\">\n\t\t\t\t<div class=\"elementor-widget-container\">\n\t\t\t\t\t<h2 class=\"elementor-heading-title elementor-size-default\">behind Tarugu\u00edn<\/h2>\t\t\t\t<\/div>\n\t\t\t\t<\/div>\n\t\t\t\t<div class=\"elementor-element elementor-element-c60f931 elementor-widget elementor-widget-text-editor\" data-id=\"c60f931\" data-element_type=\"widget\" data-e-type=\"widget\" data-widget_type=\"text-editor.default\">\n\t\t\t\t<div class=\"elementor-widget-container\">\n\t\t\t\t\t\t\t\t\t<p class=\"translation-block\"><strong>Tarugu\u00edn<\/strong> is a wine rooted in the lands of Soria, born from the <strong>shared passion<\/strong> of two friends: Julio, a native of San Esteban de Gormaz, and Nacho, known for his work at the Demencia winery. Since 2010, they have joined forces with a clear goal: to create a wine that captures the <strong>essence of the Ribera del Duero<\/strong> <strong>in Soria<\/strong>, challenging traditional stereotypes.<\/p>\t\t\t\t\t\t\t\t<\/div>\n\t\t\t\t<\/div>\n\t\t\t\t<div class=\"elementor-element elementor-element-2b05dc5 elementor-widget elementor-widget-text-editor\" data-id=\"2b05dc5\" data-element_type=\"widget\" data-e-type=\"widget\" data-widget_type=\"text-editor.default\">\n\t\t\t\t<div class=\"elementor-widget-container\">\n\t\t\t\t\t\t\t\t\t<p class=\"translation-block\"><strong>Tarugu\u00edn<\/strong> was born from the desire to offer a <strong>fresher and more elegant interpretation<\/strong> of <strong>Ribera del Duero<\/strong>, always rooted in the old vineyards of Soria. After several vintages vinifying in Bierzo and confirming the vineyard's potential, they decided to establish a winery in San Esteban de Gormaz, within the <strong>\u201cRibera del Duero\u201d Designation of Origin<\/strong>.<\/p>\t\t\t\t\t\t\t\t<\/div>\n\t\t\t\t<\/div>\n\t\t\t\t<\/div>\n\t\t\t\t\t<\/div>\n\t\t\t\t<\/div>\n\t\t<div class=\"elementor-element elementor-element-1e86003 e-flex e-con-boxed e-con e-parent\" data-id=\"1e86003\" data-element_type=\"container\" data-e-type=\"container\" data-settings=\"{&quot;background_background&quot;:&quot;gradient&quot;}\">\n\t\t\t\t\t<div class=\"e-con-inner\">\n\t\t<div class=\"elementor-element elementor-element-c842a62 e-con-full e-flex e-con e-child\" data-id=\"c842a62\" data-element_type=\"container\" data-e-type=\"container\">\n\t\t\t\t<div class=\"elementor-element elementor-element-cb1572c elementor-widget elementor-widget-heading\" data-id=\"cb1572c\" data-element_type=\"widget\" data-e-type=\"widget\" data-widget_type=\"heading.default\">\n\t\t\t\t<div class=\"elementor-widget-container\">\n\t\t\t\t\t<h2 class=\"elementor-heading-title elementor-size-default\">Our Values<\/h2>\t\t\t\t<\/div>\n\t\t\t\t<\/div>\n\t\t\t\t<div class=\"elementor-element elementor-element-5a16077 elementor-widget elementor-widget-text-editor\" data-id=\"5a16077\" data-element_type=\"widget\" data-e-type=\"widget\" data-widget_type=\"text-editor.default\">\n\t\t\t\t<div class=\"elementor-widget-container\">\n\t\t\t\t\t\t\t\t\t<p class=\"translation-block\">To preserve the <strong>traditional vineyard<\/strong> tied to our family roots in the region of San Esteban de Gormaz, with the aim of crafting a wine that reflects the unique characteristics of the local grapes\u2014shaped by distinctive soils, native varieties, and a very particular <em>mesoclimate<\/em>.<\/p>\t\t\t\t\t\t\t\t<\/div>\n\t\t\t\t<\/div>\n\t\t\t\t<div class=\"elementor-element elementor-element-10ca849 elementor-widget elementor-widget-heading\" data-id=\"10ca849\" data-element_type=\"widget\" data-e-type=\"widget\" data-widget_type=\"heading.default\">\n\t\t\t\t<div class=\"elementor-widget-container\">\n\t\t\t\t\t<h2 class=\"elementor-heading-title elementor-size-default\">MISION<\/h2>\t\t\t\t<\/div>\n\t\t\t\t<\/div>\n\t\t\t\t<div class=\"elementor-element elementor-element-31f2266 elementor-widget elementor-widget-text-editor\" data-id=\"31f2266\" data-element_type=\"widget\" data-e-type=\"widget\" data-widget_type=\"text-editor.default\">\n\t\t\t\t<div class=\"elementor-widget-container\">\n\t\t\t\t\t\t\t\t\t<p class=\"translation-block\">To craft a wine with a <strong>distinct international character<\/strong>, suitable for aging, that helps preserve a small but meaningful part of the winemaking legacy of the <strong>San Esteban region<\/strong>.<\/p>\t\t\t\t\t\t\t\t<\/div>\n\t\t\t\t<\/div>\n\t\t\t\t<div class=\"elementor-element elementor-element-675ea1f elementor-widget elementor-widget-heading\" data-id=\"675ea1f\" data-element_type=\"widget\" data-e-type=\"widget\" data-widget_type=\"heading.default\">\n\t\t\t\t<div class=\"elementor-widget-container\">\n\t\t\t\t\t<h2 class=\"elementor-heading-title elementor-size-default\">VISION<\/h2>\t\t\t\t<\/div>\n\t\t\t\t<\/div>\n\t\t\t\t<div class=\"elementor-element elementor-element-d9c3f2b elementor-widget elementor-widget-text-editor\" data-id=\"d9c3f2b\" data-element_type=\"widget\" data-e-type=\"widget\" data-widget_type=\"text-editor.default\">\n\t\t\t\t<div class=\"elementor-widget-container\">\n\t\t\t\t\t\t\t\t\t<p class=\"translation-block\">We aim to position our wines as the <strong>foremost expression<\/strong> of those representative of <strong>San Esteban de Gormaz<\/strong>, working closely and collaboratively with everyone involved in the process.<\/p>\t\t\t\t\t\t\t\t<\/div>\n\t\t\t\t<\/div>\n\t\t\t\t<\/div>\n\t\t<div class=\"elementor-element elementor-element-acf3ec0 e-con-full e-flex e-con e-child\" data-id=\"acf3ec0\" data-element_type=\"container\" data-e-type=\"container\">\n\t\t\t\t<div class=\"elementor-element elementor-element-9257138 elementor-widget elementor-widget-image\" data-id=\"9257138\" data-element_type=\"widget\" data-e-type=\"widget\" data-widget_type=\"image.default\">\n\t\t\t\t<div class=\"elementor-widget-container\">\n\t\t\t\t\t\t\t\t\t\t\t\t\t\t\t<img fetchpriority=\"high\" decoding=\"async\" width=\"633\" height=\"949\" src=\"https:\/\/vinotaruguin.com\/wp-content\/uploads\/2025\/03\/vinos.jpg\" class=\"attachment-full size-full wp-image-2403\" alt=\"\" srcset=\"https:\/\/vinotaruguin.com\/wp-content\/uploads\/2025\/03\/vinos.jpg 633w, https:\/\/vinotaruguin.com\/wp-content\/uploads\/2025\/03\/vinos-600x900.jpg 600w, https:\/\/vinotaruguin.com\/wp-content\/uploads\/2025\/03\/vinos-200x300.jpg 200w\" sizes=\"(max-width: 633px) 100vw, 633px\" \/>\t\t\t\t\t\t\t\t\t\t\t\t\t\t\t<\/div>\n\t\t\t\t<\/div>\n\t\t\t\t<\/div>\n\t\t\t\t\t<\/div>\n\t\t\t\t<\/div>\n\t\t\t\t<\/div>","protected":false},"excerpt":{"rendered":"<p>CON\u00d3CENOS Inicio \/ Con\u00f3cenos Descubre la historia&#8230; detr\u00e1s de Tarugu\u00edn Tarugu\u00edn es un vino que tiene sus ra\u00edces en tierras sorianas y que emerge de la pasi\u00f3n compartida de dos amigos: Julio, oriundo de San Esteban de Gormaz, y Nacho, reconocido por su labor en la bodega Demencia. As\u00ed ya desde el a\u00f1o 2010, unieron sus fuerzas con un objetivo claro: crear un vino que capturara la esencia de la Ribera del Duero Soriana, desafiando estereotipos tradicionales. As\u00ed naci\u00f3 Tarugu\u00edn, buscando una interpretaci\u00f3n m\u00e1s fresca y elegante de la Ribera del Duero, siempre apoy\u00e1ndose en el vi\u00f1edo viejo de Soria. Tras diversas a\u00f1adas vinificando en Bierzo, y una vez verificadas las cualidades del vi\u00f1edo, se lanzaron a la creaci\u00f3n de una instalaci\u00f3n en San Esteban de Gormaz, bajo el amparo de la Denominaci\u00f3n de Origen \u201cRibera del Duero\u201d. Nuestros valores Preservar el vi\u00f1edo tradicional asociado a nuestro c\u00edrculo familiar en la comarca de San Esteban de Gormaz, para elaborar un vino que represente las caracter\u00edsticas de la uva de la zona, marcada por unos suelos, unas variedades y un mesoclima muy peculiar. MISI\u00d3N Elaborar un vino de car\u00e1cter internacional apto para el envejecimiento que permita mantener una peque\u00f1a proporci\u00f3n del legado vitivin\u00edcola de la comarca de San Esteban. VISI\u00d3N Queremos posicionar los vinos de la casa como m\u00e1ximo exponente de los vinos representativos de San Esteban de Gormaz, trabajando \u00edntima y amistosamente con todos los agentes involucrados en el proceso.<\/p>","protected":false},"author":1,"featured_media":0,"parent":0,"menu_order":0,"comment_status":"closed","ping_status":"closed","template":"elementor_canvas","meta":{"footnotes":""},"class_list":["post-1213","page","type-page","status-publish","hentry"],"yoast_head":"<!-- This site is optimized with the Yoast SEO plugin v27.1.1 - https:\/\/yoast.com\/product\/yoast-seo-wordpress\/ -->\n<title>Con\u00f3cenos - Tarugu\u00edn<\/title>\n<meta name=\"robots\" content=\"index, follow, max-snippet:-1, max-image-preview:large, max-video-preview:-1\" \/>\n<link rel=\"canonical\" href=\"https:\/\/vinotaruguin.com\/en\/conocenos\/\" \/>\n<meta property=\"og:locale\" content=\"en_GB\" \/>\n<meta property=\"og:type\" content=\"article\" \/>\n<meta property=\"og:title\" content=\"Con\u00f3cenos - Tarugu\u00edn\" \/>\n<meta property=\"og:description\" content=\"CON\u00d3CENOS Inicio \/ Con\u00f3cenos Descubre la historia&#8230; detr\u00e1s de Tarugu\u00edn Tarugu\u00edn es un vino que tiene sus ra\u00edces en tierras sorianas y que emerge de la pasi\u00f3n compartida de dos amigos: Julio, oriundo de San Esteban de Gormaz, y Nacho, reconocido por su labor en la bodega Demencia. As\u00ed ya desde el a\u00f1o 2010, unieron sus fuerzas con un objetivo claro: crear un vino que capturara la esencia de la Ribera del Duero Soriana, desafiando estereotipos tradicionales. As\u00ed naci\u00f3 Tarugu\u00edn, buscando una interpretaci\u00f3n m\u00e1s fresca y elegante de la Ribera del Duero, siempre apoy\u00e1ndose en el vi\u00f1edo viejo de Soria. Tras diversas a\u00f1adas vinificando en Bierzo, y una vez verificadas las cualidades del vi\u00f1edo, se lanzaron a la creaci\u00f3n de una instalaci\u00f3n en San Esteban de Gormaz, bajo el amparo de la Denominaci\u00f3n de Origen \u201cRibera del Duero\u201d. Nuestros valores Preservar el vi\u00f1edo tradicional asociado a nuestro c\u00edrculo familiar en la comarca de San Esteban de Gormaz, para elaborar un vino que represente las caracter\u00edsticas de la uva de la zona, marcada por unos suelos, unas variedades y un mesoclima muy peculiar. MISI\u00d3N Elaborar un vino de car\u00e1cter internacional apto para el envejecimiento que permita mantener una peque\u00f1a proporci\u00f3n del legado vitivin\u00edcola de la comarca de San Esteban. VISI\u00d3N Queremos posicionar los vinos de la casa como m\u00e1ximo exponente de los vinos representativos de San Esteban de Gormaz, trabajando \u00edntima y amistosamente con todos los agentes involucrados en el proceso.\" \/>\n<meta property=\"og:url\" content=\"https:\/\/vinotaruguin.com\/en\/conocenos\/\" \/>\n<meta property=\"og:site_name\" content=\"Tarugu\u00edn\" \/>\n<meta property=\"article:modified_time\" content=\"2025-03-25T12:25:47+00:00\" \/>\n<meta property=\"og:image\" content=\"https:\/\/vinotaruguin.com\/wp-content\/uploads\/2025\/03\/vinos.jpg\" \/>\n<meta name=\"twitter:card\" content=\"summary_large_image\" \/>\n<meta name=\"twitter:label1\" content=\"Estimated reading time\" \/>\n\t<meta name=\"twitter:data1\" content=\"2 minutes\" \/>\n<script type=\"application\/ld+json\" class=\"yoast-schema-graph\">{\"@context\":\"https:\/\/schema.org\",\"@graph\":[{\"@type\":\"WebPage\",\"@id\":\"https:\/\/vinotaruguin.com\/conocenos\/\",\"url\":\"https:\/\/vinotaruguin.com\/conocenos\/\",\"name\":\"Con\u00f3cenos - Tarugu\u00edn\",\"isPartOf\":{\"@id\":\"https:\/\/vinotaruguin.com\/#website\"},\"primaryImageOfPage\":{\"@id\":\"https:\/\/vinotaruguin.com\/conocenos\/#primaryimage\"},\"image\":{\"@id\":\"https:\/\/vinotaruguin.com\/conocenos\/#primaryimage\"},\"thumbnailUrl\":\"https:\/\/vinotaruguin.com\/wp-content\/uploads\/2025\/03\/vinos.jpg\",\"datePublished\":\"2024-08-21T10:58:27+00:00\",\"dateModified\":\"2025-03-25T12:25:47+00:00\",\"breadcrumb\":{\"@id\":\"https:\/\/vinotaruguin.com\/conocenos\/#breadcrumb\"},\"inLanguage\":\"en-GB\",\"potentialAction\":[{\"@type\":\"ReadAction\",\"target\":[\"https:\/\/vinotaruguin.com\/conocenos\/\"]}]},{\"@type\":\"ImageObject\",\"inLanguage\":\"en-GB\",\"@id\":\"https:\/\/vinotaruguin.com\/conocenos\/#primaryimage\",\"url\":\"https:\/\/vinotaruguin.com\/wp-content\/uploads\/2025\/03\/vinos.jpg\",\"contentUrl\":\"https:\/\/vinotaruguin.com\/wp-content\/uploads\/2025\/03\/vinos.jpg\"},{\"@type\":\"BreadcrumbList\",\"@id\":\"https:\/\/vinotaruguin.com\/conocenos\/#breadcrumb\",\"itemListElement\":[{\"@type\":\"ListItem\",\"position\":1,\"name\":\"Portada\",\"item\":\"https:\/\/vinotaruguin.com\/\"},{\"@type\":\"ListItem\",\"position\":2,\"name\":\"Con\u00f3cenos\"}]},{\"@type\":\"WebSite\",\"@id\":\"https:\/\/vinotaruguin.com\/#website\",\"url\":\"https:\/\/vinotaruguin.com\/\",\"name\":\"Tarugu\u00edn\",\"description\":\"Vino de San Esteban de Gormaz\",\"publisher\":{\"@id\":\"https:\/\/vinotaruguin.com\/#organization\"},\"potentialAction\":[{\"@type\":\"SearchAction\",\"target\":{\"@type\":\"EntryPoint\",\"urlTemplate\":\"https:\/\/vinotaruguin.com\/?s={search_term_string}\"},\"query-input\":{\"@type\":\"PropertyValueSpecification\",\"valueRequired\":true,\"valueName\":\"search_term_string\"}}],\"inLanguage\":\"en-GB\"},{\"@type\":\"Organization\",\"@id\":\"https:\/\/vinotaruguin.com\/#organization\",\"name\":\"Tarugu\u00edn\",\"url\":\"https:\/\/vinotaruguin.com\/\",\"logo\":{\"@type\":\"ImageObject\",\"inLanguage\":\"en-GB\",\"@id\":\"https:\/\/vinotaruguin.com\/#\/schema\/logo\/image\/\",\"url\":\"https:\/\/vinotaruguin.com\/wp-content\/uploads\/2024\/06\/logo-color-opt.png\",\"contentUrl\":\"https:\/\/vinotaruguin.com\/wp-content\/uploads\/2024\/06\/logo-color-opt.png\",\"width\":1373,\"height\":198,\"caption\":\"Tarugu\u00edn\"},\"image\":{\"@id\":\"https:\/\/vinotaruguin.com\/#\/schema\/logo\/image\/\"}}]}<\/script>\n<!-- \/ Yoast SEO plugin. -->","yoast_head_json":{"title":"Con\u00f3cenos - Tarugu\u00edn","robots":{"index":"index","follow":"follow","max-snippet":"max-snippet:-1","max-image-preview":"max-image-preview:large","max-video-preview":"max-video-preview:-1"},"canonical":"https:\/\/vinotaruguin.com\/en\/conocenos\/","og_locale":"en_GB","og_type":"article","og_title":"Con\u00f3cenos - Tarugu\u00edn","og_description":"CON\u00d3CENOS Inicio \/ Con\u00f3cenos Descubre la historia&#8230; detr\u00e1s de Tarugu\u00edn Tarugu\u00edn es un vino que tiene sus ra\u00edces en tierras sorianas y que emerge de la pasi\u00f3n compartida de dos amigos: Julio, oriundo de San Esteban de Gormaz, y Nacho, reconocido por su labor en la bodega Demencia. As\u00ed ya desde el a\u00f1o 2010, unieron sus fuerzas con un objetivo claro: crear un vino que capturara la esencia de la Ribera del Duero Soriana, desafiando estereotipos tradicionales. As\u00ed naci\u00f3 Tarugu\u00edn, buscando una interpretaci\u00f3n m\u00e1s fresca y elegante de la Ribera del Duero, siempre apoy\u00e1ndose en el vi\u00f1edo viejo de Soria. Tras diversas a\u00f1adas vinificando en Bierzo, y una vez verificadas las cualidades del vi\u00f1edo, se lanzaron a la creaci\u00f3n de una instalaci\u00f3n en San Esteban de Gormaz, bajo el amparo de la Denominaci\u00f3n de Origen \u201cRibera del Duero\u201d. Nuestros valores Preservar el vi\u00f1edo tradicional asociado a nuestro c\u00edrculo familiar en la comarca de San Esteban de Gormaz, para elaborar un vino que represente las caracter\u00edsticas de la uva de la zona, marcada por unos suelos, unas variedades y un mesoclima muy peculiar. MISI\u00d3N Elaborar un vino de car\u00e1cter internacional apto para el envejecimiento que permita mantener una peque\u00f1a proporci\u00f3n del legado vitivin\u00edcola de la comarca de San Esteban. VISI\u00d3N Queremos posicionar los vinos de la casa como m\u00e1ximo exponente de los vinos representativos de San Esteban de Gormaz, trabajando \u00edntima y amistosamente con todos los agentes involucrados en el proceso.","og_url":"https:\/\/vinotaruguin.com\/en\/conocenos\/","og_site_name":"Tarugu\u00edn","article_modified_time":"2025-03-25T12:25:47+00:00","og_image":[{"url":"https:\/\/vinotaruguin.com\/wp-content\/uploads\/2025\/03\/vinos.jpg","type":"","width":"","height":""}],"twitter_card":"summary_large_image","twitter_misc":{"Estimated reading time":"2 minutes"},"schema":{"@context":"https:\/\/schema.org","@graph":[{"@type":"WebPage","@id":"https:\/\/vinotaruguin.com\/conocenos\/","url":"https:\/\/vinotaruguin.com\/conocenos\/","name":"Con\u00f3cenos - Tarugu\u00edn","isPartOf":{"@id":"https:\/\/vinotaruguin.com\/#website"},"primaryImageOfPage":{"@id":"https:\/\/vinotaruguin.com\/conocenos\/#primaryimage"},"image":{"@id":"https:\/\/vinotaruguin.com\/conocenos\/#primaryimage"},"thumbnailUrl":"https:\/\/vinotaruguin.com\/wp-content\/uploads\/2025\/03\/vinos.jpg","datePublished":"2024-08-21T10:58:27+00:00","dateModified":"2025-03-25T12:25:47+00:00","breadcrumb":{"@id":"https:\/\/vinotaruguin.com\/conocenos\/#breadcrumb"},"inLanguage":"en-GB","potentialAction":[{"@type":"ReadAction","target":["https:\/\/vinotaruguin.com\/conocenos\/"]}]},{"@type":"ImageObject","inLanguage":"en-GB","@id":"https:\/\/vinotaruguin.com\/conocenos\/#primaryimage","url":"https:\/\/vinotaruguin.com\/wp-content\/uploads\/2025\/03\/vinos.jpg","contentUrl":"https:\/\/vinotaruguin.com\/wp-content\/uploads\/2025\/03\/vinos.jpg"},{"@type":"BreadcrumbList","@id":"https:\/\/vinotaruguin.com\/conocenos\/#breadcrumb","itemListElement":[{"@type":"ListItem","position":1,"name":"Portada","item":"https:\/\/vinotaruguin.com\/"},{"@type":"ListItem","position":2,"name":"Con\u00f3cenos"}]},{"@type":"WebSite","@id":"https:\/\/vinotaruguin.com\/#website","url":"https:\/\/vinotaruguin.com\/","name":"Tarugu\u00edn","description":"Vino de San Esteban de Gormaz","publisher":{"@id":"https:\/\/vinotaruguin.com\/#organization"},"potentialAction":[{"@type":"SearchAction","target":{"@type":"EntryPoint","urlTemplate":"https:\/\/vinotaruguin.com\/?s={search_term_string}"},"query-input":{"@type":"PropertyValueSpecification","valueRequired":true,"valueName":"search_term_string"}}],"inLanguage":"en-GB"},{"@type":"Organization","@id":"https:\/\/vinotaruguin.com\/#organization","name":"Tarugu\u00edn","url":"https:\/\/vinotaruguin.com\/","logo":{"@type":"ImageObject","inLanguage":"en-GB","@id":"https:\/\/vinotaruguin.com\/#\/schema\/logo\/image\/","url":"https:\/\/vinotaruguin.com\/wp-content\/uploads\/2024\/06\/logo-color-opt.png","contentUrl":"https:\/\/vinotaruguin.com\/wp-content\/uploads\/2024\/06\/logo-color-opt.png","width":1373,"height":198,"caption":"Tarugu\u00edn"},"image":{"@id":"https:\/\/vinotaruguin.com\/#\/schema\/logo\/image\/"}}]}},"_links":{"self":[{"href":"https:\/\/vinotaruguin.com\/en\/wp-json\/wp\/v2\/pages\/1213","targetHints":{"allow":["GET"]}}],"collection":[{"href":"https:\/\/vinotaruguin.com\/en\/wp-json\/wp\/v2\/pages"}],"about":[{"href":"https:\/\/vinotaruguin.com\/en\/wp-json\/wp\/v2\/types\/page"}],"author":[{"embeddable":true,"href":"https:\/\/vinotaruguin.com\/en\/wp-json\/wp\/v2\/users\/1"}],"replies":[{"embeddable":true,"href":"https:\/\/vinotaruguin.com\/en\/wp-json\/wp\/v2\/comments?post=1213"}],"version-history":[{"count":179,"href":"https:\/\/vinotaruguin.com\/en\/wp-json\/wp\/v2\/pages\/1213\/revisions"}],"predecessor-version":[{"id":2435,"href":"https:\/\/vinotaruguin.com\/en\/wp-json\/wp\/v2\/pages\/1213\/revisions\/2435"}],"wp:attachment":[{"href":"https:\/\/vinotaruguin.com\/en\/wp-json\/wp\/v2\/media?parent=1213"}],"curies":[{"name":"wp","href":"https:\/\/api.w.org\/{rel}","templated":true}]}}